{"id":215,"date":"2023-04-07T14:15:19","date_gmt":"2023-04-07T14:15:19","guid":{"rendered":"http:\/\/localhost:10004\/?page_id=215"},"modified":"2023-12-14T09:01:01","modified_gmt":"2023-12-14T09:01:01","slug":"mentions-legales","status":"publish","type":"page","link":"https:\/\/sage-engineering.fr\/fr\/mentions-legales\/","title":{"rendered":"Mentions l\u00e9gales"},"content":{"rendered":"\t\t<div data-elementor-type=\"wp-page\" data-elementor-id=\"215\" class=\"elementor elementor-215\" data-elementor-post-type=\"page\">\n\t\t\t\t<div class=\"elementor-element elementor-element-790e9e36 e-flex e-con-boxed e-con e-parent\" data-id=\"790e9e36\" data-element_type=\"container\" data-settings=\"{&quot;background_background&quot;:&quot;slideshow&quot;,&quot;background_slideshow_gallery&quot;:[],&quot;background_slideshow_loop&quot;:&quot;yes&quot;,&quot;background_slideshow_slide_duration&quot;:5000,&quot;background_slideshow_slide_transition&quot;:&quot;fade&quot;,&quot;background_slideshow_transition_duration&quot;:500}\">\n\t\t\t\t\t<div class=\"e-con-inner\">\n\t\t<div class=\"elementor-element elementor-element-43dbc03a e-flex e-con-boxed e-con e-parent\" data-id=\"43dbc03a\" data-element_type=\"container\" data-settings=\"{&quot;background_background&quot;:&quot;classic&quot;}\">\n\t\t\t\t\t<div class=\"e-con-inner\">\n\t\t<div class=\"elementor-element elementor-element-f126ef3 e-flex e-con-boxed e-con e-parent\" data-id=\"f126ef3\" data-element_type=\"container\">\n\t\t\t\t\t<div class=\"e-con-inner\">\n\t\t\t\t<div class=\"elementor-element elementor-element-722d718b hero-title elementor-widget elementor-widget-heading\" data-id=\"722d718b\" data-element_type=\"widget\" data-widget_type=\"heading.default\">\n\t\t\t\t\t<h1 class=\"elementor-heading-title elementor-size-default\">Mentions l\u00e9gales<\/h1>\t\t\t\t<\/div>\n\t\t\t\t<div class=\"elementor-element elementor-element-57ac20c5 elementor-widget elementor-widget-html\" data-id=\"57ac20c5\" data-element_type=\"widget\" data-widget_type=\"html.default\">\n\t\t\t\t\t<div class=\"header-line\">&nbsp;<\/div>\t\t\t\t<\/div>\n\t\t\t\t\t<\/div>\n\t\t\t\t<\/div>\n\t\t\t\t\t<\/div>\n\t\t\t\t<\/div>\n\t\t\t\t\t<\/div>\n\t\t\t\t<\/div>\n\t\t<div class=\"elementor-element elementor-element-31edcaeb e-flex e-con-boxed e-con e-parent\" data-id=\"31edcaeb\" data-element_type=\"container\">\n\t\t\t\t\t<div class=\"e-con-inner\">\n\t\t<div class=\"elementor-element elementor-element-43cb52a3 e-flex e-con-boxed e-con e-parent\" data-id=\"43cb52a3\" data-element_type=\"container\">\n\t\t\t\t\t<div class=\"e-con-inner\">\n\t\t<div class=\"elementor-element elementor-element-b9f2ac0 e-con-full e-flex e-con e-parent\" data-id=\"b9f2ac0\" data-element_type=\"container\">\n\t\t\t\t<div class=\"elementor-element elementor-element-92ffa86 elementor-widget elementor-widget-heading\" data-id=\"92ffa86\" data-element_type=\"widget\" data-widget_type=\"heading.default\">\n\t\t\t\t\t<h2 class=\"elementor-heading-title elementor-size-default\">Mentions l\u00e9gales<\/h2>\t\t\t\t<\/div>\n\t\t\t\t<div class=\"elementor-element elementor-element-d244a02 elementor-widget elementor-widget-text-editor\" data-id=\"d244a02\" data-element_type=\"widget\" data-widget_type=\"text-editor.default\">\n\t\t\t\t\t\t\t\t\t<p>Conform\u00e9ment aux dispositions de la loi n\u00b0 2004-575 du 21 juin 2004 pour la confiance en l\u2019\u00e9conomie num\u00e9rique, il est pr\u00e9cis\u00e9 aux utilisateurs du site sage-engineering.fr l\u2019identit\u00e9 des diff\u00e9rents intervenants dans le cadre de sa r\u00e9alisation et de son suivi.<\/p>\n<p><strong>Propri\u00e9taire du Site Internet :<\/strong> SAGE ENGINEERING<\/p>\n<p><strong>Edition du site&nbsp;:<\/strong><br>Le site sage-engineering.fr est \u00e9dit\u00e9 par la soci\u00e9t\u00e9 Sage Engineering, soci\u00e9t\u00e9 \u00e0 responsabilit\u00e9 limit\u00e9e au capital de 200 000\u20ac, dont le si\u00e8ge social est situ\u00e9 45 Quai Charles Pasqua \u2013 92300 Levallois-Perret, immatricul\u00e9e au registre du commerce et des soci\u00e9t\u00e9s sous le num\u00e9ro d\u2019identification unique Nanterre B 490 018 553.<\/p>\n<p><strong>Responsable de publication&nbsp;:<\/strong><br>Isabelle PACREAU<\/p>\n<p><strong>Design &amp; Conception :<br><\/strong>Agence lecameleon<\/p>\n<p><strong>H\u00e9bergeur&nbsp;:<\/strong><br>Le site sage-engineering.fr est h\u00e9berg\u00e9 par la soci\u00e9t\u00e9 lecameleon.<br>Adresse : 26 rue du sentier \u2013 75002 PARIS<\/p>\n<p>Le stockage des donn\u00e9es personnelles des utilisateurs est exclusivement r\u00e9alis\u00e9 sur les centres de donn\u00e9es de la soci\u00e9t\u00e9 lecameleon.<\/p>\n<p><strong>Nous contacter&nbsp;:<\/strong><br>Par email : <a href=\"mailto:sage@sage-eng.fr\">sage@sage-eng.fr<\/a><\/p>\n<p><span style=\"color: #000000;\"><strong>Conditions d\u2019utilisation&nbsp;:<\/strong><br>Le site, accessible par l\u2019url suivante : sage-engineering.fr, est exploit\u00e9 dans le respect de la l\u00e9gislation fran\u00e7aise.<\/span><\/p>\n<p><strong>CNIL&nbsp;:<\/strong><br>Conform\u00e9ment aux dispositions de la loi 78-17 du 6 janvier 1978 modifi\u00e9e, l\u2019Utilisateur dispose d\u2019un droit d\u2019acc\u00e8s, de modification et de suppression des informations collect\u00e9es par SAGE ENGINEERING via le formulaire de contact. Pour exercer ce droit, il reviendra \u00e0 l\u2019Utilisateur d\u2019envoyer un message \u00e0 l\u2019adresse suivante : sage@sage-eng.fr<\/p>\n<p><strong>Propri\u00e9t\u00e9 intellectuelle&nbsp;:<\/strong><br>Toute repr\u00e9sentation totale ou partielle de ce site et de son contenu, par quelques proc\u00e9d\u00e9s que ce soient, sans autorisation pr\u00e9alable est interdite et constituerait une contrefa\u00e7on sanctionn\u00e9e par les articles L335-2 et suivants du Code de la Propri\u00e9t\u00e9 Intellectuelle. Les utilisateurs du site sont tenus de respecter les dispositions de la Loi Informatique, Fichiers et Libert\u00e9s, dont la violation est passible de sanctions p\u00e9nales. Ils doivent notamment s\u2019abstenir, s\u2019agissant des informations nominatives auxquelles ils acc\u00e8dent, de toute collecte, de toute utilisation d\u00e9tourn\u00e9e, et d\u2019une mani\u00e8re g\u00e9n\u00e9rale, de tout acte susceptible de porter atteinte \u00e0 la vie priv\u00e9e ou \u00e0 la r\u00e9putation des personnes.<\/p>\t\t\t\t\t\t\t\t<\/div>\n\t\t\t\t<\/div>\n\t\t\t\t\t<\/div>\n\t\t\t\t<\/div>\n\t\t\t\t\t<\/div>\n\t\t\t\t<\/div>\n\t\t\t\t<\/div>\n\t\t","protected":false},"excerpt":{"rendered":"<p>Mentions l\u00e9gales &nbsp; Mentions l\u00e9gales Conform\u00e9ment aux dispositions de la loi n\u00b0 2004-575 du 21 juin 2004 pour la confiance en l\u2019\u00e9conomie num\u00e9rique, il est pr\u00e9cis\u00e9 aux utilisateurs du site sage-engineering.fr l\u2019identit\u00e9 des diff\u00e9rents intervenants dans le cadre de sa r\u00e9alisation et de son suivi. Propri\u00e9taire du Site Internet : SAGE ENGINEERING Edition du site&nbsp;:Le [&hellip;]<\/p>\n","protected":false},"author":1,"featured_media":0,"parent":0,"menu_order":0,"comment_status":"closed","ping_status":"closed","template":"","meta":{"inline_featured_image":false,"footnotes":""},"categories":[],"tags":[],"acf":[],"yoast_head":"<!-- This site is optimized with the Yoast SEO plugin v20.7 - https:\/\/yoast.com\/wordpress\/plugins\/seo\/ -->\n<title>Mentions l\u00e9gales - sage-engineering<\/title>\n<meta name=\"robots\" content=\"index, follow, max-snippet:-1, max-image-preview:large, max-video-preview:-1\" \/>\n<link rel=\"canonical\" href=\"https:\/\/sage-engineering.fr\/fr\/mentions-legales\/\" \/>\n<meta property=\"og:locale\" content=\"fr_FR\" \/>\n<meta property=\"og:type\" content=\"article\" \/>\n<meta property=\"og:title\" content=\"Mentions l\u00e9gales - sage-engineering\" \/>\n<meta property=\"og:description\" content=\"Mentions l\u00e9gales &nbsp; Mentions l\u00e9gales Conform\u00e9ment aux dispositions de la loi n\u00b0 2004-575 du 21 juin 2004 pour la confiance en l\u2019\u00e9conomie num\u00e9rique, il est pr\u00e9cis\u00e9 aux utilisateurs du site sage-engineering.fr l\u2019identit\u00e9 des diff\u00e9rents intervenants dans le cadre de sa r\u00e9alisation et de son suivi. Propri\u00e9taire du Site Internet : SAGE ENGINEERING Edition du site&nbsp;:Le [&hellip;]\" \/>\n<meta property=\"og:url\" content=\"https:\/\/sage-engineering.fr\/fr\/mentions-legales\/\" \/>\n<meta property=\"og:site_name\" content=\"sage-engineering\" \/>\n<meta property=\"article:modified_time\" content=\"2023-12-14T09:01:01+00:00\" \/>\n<meta name=\"twitter:card\" content=\"summary_large_image\" \/>\n<meta name=\"twitter:label1\" content=\"Dur\u00e9e de lecture estim\u00e9e\" \/>\n\t<meta name=\"twitter:data1\" content=\"2 minutes\" \/>\n<script type=\"application\/ld+json\" class=\"yoast-schema-graph\">{\"@context\":\"https:\/\/schema.org\",\"@graph\":[{\"@type\":\"WebPage\",\"@id\":\"https:\/\/sage-engineering.fr\/en\/mentions-legales\/\",\"url\":\"https:\/\/sage-engineering.fr\/en\/mentions-legales\/\",\"name\":\"Mentions l\u00e9gales - sage-engineering\",\"isPartOf\":{\"@id\":\"https:\/\/sage-engineering.fr\/fr\/#website\"},\"datePublished\":\"2023-04-07T14:15:19+00:00\",\"dateModified\":\"2023-12-14T09:01:01+00:00\",\"inLanguage\":\"fr-FR\",\"potentialAction\":[{\"@type\":\"ReadAction\",\"target\":[\"https:\/\/sage-engineering.fr\/en\/mentions-legales\/\"]}]},{\"@type\":\"WebSite\",\"@id\":\"https:\/\/sage-engineering.fr\/fr\/#website\",\"url\":\"https:\/\/sage-engineering.fr\/fr\/\",\"name\":\"sage-engineering\",\"description\":\"\",\"publisher\":{\"@id\":\"https:\/\/sage-engineering.fr\/fr\/#organization\"},\"potentialAction\":[{\"@type\":\"SearchAction\",\"target\":{\"@type\":\"EntryPoint\",\"urlTemplate\":\"https:\/\/sage-engineering.fr\/fr\/?s={search_term_string}\"},\"query-input\":\"required name=search_term_string\"}],\"inLanguage\":\"fr-FR\"},{\"@type\":\"Organization\",\"@id\":\"https:\/\/sage-engineering.fr\/fr\/#organization\",\"name\":\"sage-engineering\",\"url\":\"https:\/\/sage-engineering.fr\/fr\/\",\"logo\":{\"@type\":\"ImageObject\",\"inLanguage\":\"fr-FR\",\"@id\":\"https:\/\/sage-engineering.fr\/fr\/#\/schema\/logo\/image\/\",\"url\":\"https:\/\/sage-engineering.fr\/wp-content\/uploads\/2023\/04\/logo-sage-engineering.svg\",\"contentUrl\":\"https:\/\/sage-engineering.fr\/wp-content\/uploads\/2023\/04\/logo-sage-engineering.svg\",\"width\":57,\"height\":97,\"caption\":\"sage-engineering\"},\"image\":{\"@id\":\"https:\/\/sage-engineering.fr\/fr\/#\/schema\/logo\/image\/\"}}]}<\/script>\n<!-- \/ Yoast SEO plugin. -->","yoast_head_json":{"title":"Mentions l\u00e9gales - sage-engineering","robots":{"index":"index","follow":"follow","max-snippet":"max-snippet:-1","max-image-preview":"max-image-preview:large","max-video-preview":"max-video-preview:-1"},"canonical":"https:\/\/sage-engineering.fr\/fr\/mentions-legales\/","og_locale":"fr_FR","og_type":"article","og_title":"Mentions l\u00e9gales - sage-engineering","og_description":"Mentions l\u00e9gales &nbsp; Mentions l\u00e9gales Conform\u00e9ment aux dispositions de la loi n\u00b0 2004-575 du 21 juin 2004 pour la confiance en l\u2019\u00e9conomie num\u00e9rique, il est pr\u00e9cis\u00e9 aux utilisateurs du site sage-engineering.fr l\u2019identit\u00e9 des diff\u00e9rents intervenants dans le cadre de sa r\u00e9alisation et de son suivi. Propri\u00e9taire du Site Internet : SAGE ENGINEERING Edition du site&nbsp;:Le [&hellip;]","og_url":"https:\/\/sage-engineering.fr\/fr\/mentions-legales\/","og_site_name":"sage-engineering","article_modified_time":"2023-12-14T09:01:01+00:00","twitter_card":"summary_large_image","twitter_misc":{"Dur\u00e9e de lecture estim\u00e9e":"2 minutes"},"schema":{"@context":"https:\/\/schema.org","@graph":[{"@type":"WebPage","@id":"https:\/\/sage-engineering.fr\/en\/mentions-legales\/","url":"https:\/\/sage-engineering.fr\/en\/mentions-legales\/","name":"Mentions l\u00e9gales - sage-engineering","isPartOf":{"@id":"https:\/\/sage-engineering.fr\/fr\/#website"},"datePublished":"2023-04-07T14:15:19+00:00","dateModified":"2023-12-14T09:01:01+00:00","inLanguage":"fr-FR","potentialAction":[{"@type":"ReadAction","target":["https:\/\/sage-engineering.fr\/en\/mentions-legales\/"]}]},{"@type":"WebSite","@id":"https:\/\/sage-engineering.fr\/fr\/#website","url":"https:\/\/sage-engineering.fr\/fr\/","name":"sage-engineering","description":"","publisher":{"@id":"https:\/\/sage-engineering.fr\/fr\/#organization"},"potentialAction":[{"@type":"SearchAction","target":{"@type":"EntryPoint","urlTemplate":"https:\/\/sage-engineering.fr\/fr\/?s={search_term_string}"},"query-input":"required name=search_term_string"}],"inLanguage":"fr-FR"},{"@type":"Organization","@id":"https:\/\/sage-engineering.fr\/fr\/#organization","name":"sage-engineering","url":"https:\/\/sage-engineering.fr\/fr\/","logo":{"@type":"ImageObject","inLanguage":"fr-FR","@id":"https:\/\/sage-engineering.fr\/fr\/#\/schema\/logo\/image\/","url":"https:\/\/sage-engineering.fr\/wp-content\/uploads\/2023\/04\/logo-sage-engineering.svg","contentUrl":"https:\/\/sage-engineering.fr\/wp-content\/uploads\/2023\/04\/logo-sage-engineering.svg","width":57,"height":97,"caption":"sage-engineering"},"image":{"@id":"https:\/\/sage-engineering.fr\/fr\/#\/schema\/logo\/image\/"}}]}},"_links":{"self":[{"href":"https:\/\/sage-engineering.fr\/fr\/wp-json\/wp\/v2\/pages\/215"}],"collection":[{"href":"https:\/\/sage-engineering.fr\/fr\/wp-json\/wp\/v2\/pages"}],"about":[{"href":"https:\/\/sage-engineering.fr\/fr\/wp-json\/wp\/v2\/types\/page"}],"author":[{"embeddable":true,"href":"https:\/\/sage-engineering.fr\/fr\/wp-json\/wp\/v2\/users\/1"}],"replies":[{"embeddable":true,"href":"https:\/\/sage-engineering.fr\/fr\/wp-json\/wp\/v2\/comments?post=215"}],"version-history":[{"count":14,"href":"https:\/\/sage-engineering.fr\/fr\/wp-json\/wp\/v2\/pages\/215\/revisions"}],"predecessor-version":[{"id":3055,"href":"https:\/\/sage-engineering.fr\/fr\/wp-json\/wp\/v2\/pages\/215\/revisions\/3055"}],"wp:attachment":[{"href":"https:\/\/sage-engineering.fr\/fr\/wp-json\/wp\/v2\/media?parent=215"}],"wp:term":[{"taxonomy":"category","embeddable":true,"href":"https:\/\/sage-engineering.fr\/fr\/wp-json\/wp\/v2\/categories?post=215"},{"taxonomy":"post_tag","embeddable":true,"href":"https:\/\/sage-engineering.fr\/fr\/wp-json\/wp\/v2\/tags?post=215"}],"curies":[{"name":"wp","href":"https:\/\/api.w.org\/{rel}","templated":true}]}}