{"id":210,"date":"2023-04-07T14:13:19","date_gmt":"2023-04-07T14:13:19","guid":{"rendered":"http:\/\/localhost:10004\/?page_id=210"},"modified":"2024-05-15T14:39:21","modified_gmt":"2024-05-15T14:39:21","slug":"devenez-sage","status":"publish","type":"page","link":"https:\/\/sage-engineering.fr\/fr\/devenez-sage\/","title":{"rendered":"Devenez Sage"},"content":{"rendered":"\t\t<div data-elementor-type=\"wp-page\" data-elementor-id=\"210\" class=\"elementor elementor-210\" data-elementor-post-type=\"page\">\n\t\t\t\t<div class=\"elementor-element elementor-element-430df875 e-flex e-con-boxed e-con e-parent\" data-id=\"430df875\" data-element_type=\"container\" data-settings=\"{&quot;background_background&quot;:&quot;slideshow&quot;,&quot;background_slideshow_gallery&quot;:[],&quot;background_slideshow_loop&quot;:&quot;yes&quot;,&quot;background_slideshow_slide_duration&quot;:5000,&quot;background_slideshow_slide_transition&quot;:&quot;fade&quot;,&quot;background_slideshow_transition_duration&quot;:500}\">\n\t\t\t\t\t<div class=\"e-con-inner\">\n\t\t<div class=\"elementor-element elementor-element-4cf1f365 e-flex e-con-boxed e-con e-parent\" data-id=\"4cf1f365\" data-element_type=\"container\" data-settings=\"{&quot;background_background&quot;:&quot;classic&quot;}\">\n\t\t\t\t\t<div class=\"e-con-inner\">\n\t\t<div class=\"elementor-element elementor-element-15095874 e-flex e-con-boxed e-con e-parent\" data-id=\"15095874\" data-element_type=\"container\">\n\t\t\t\t\t<div class=\"e-con-inner\">\n\t\t\t\t<div class=\"elementor-element elementor-element-5f0dd8d hero-title elementor-widget elementor-widget-heading\" data-id=\"5f0dd8d\" data-element_type=\"widget\" data-widget_type=\"heading.default\">\n\t\t\t\t\t<h1 class=\"elementor-heading-title elementor-size-default\">devenez sage<\/h1>\t\t\t\t<\/div>\n\t\t\t\t<div class=\"elementor-element elementor-element-220b9267 elementor-widget elementor-widget-html\" data-id=\"220b9267\" data-element_type=\"widget\" data-widget_type=\"html.default\">\n\t\t\t\t\t<div class=\"header-line\">&nbsp;<\/div>\t\t\t\t<\/div>\n\t\t\t\t\t<\/div>\n\t\t\t\t<\/div>\n\t\t\t\t\t<\/div>\n\t\t\t\t<\/div>\n\t\t\t\t\t<\/div>\n\t\t\t\t<\/div>\n\t\t<div class=\"elementor-element elementor-element-6be51a2e e-flex e-con-boxed e-con e-parent\" data-id=\"6be51a2e\" data-element_type=\"container\">\n\t\t\t\t\t<div class=\"e-con-inner\">\n\t\t<div class=\"elementor-element elementor-element-18ff0844 e-flex e-con-boxed e-con e-parent\" data-id=\"18ff0844\" data-element_type=\"container\">\n\t\t\t\t\t<div class=\"e-con-inner\">\n\t\t<div class=\"elementor-element elementor-element-662b6395 e-con-full e-flex e-con e-parent\" data-id=\"662b6395\" data-element_type=\"container\">\n\t\t\t\t<div class=\"elementor-element elementor-element-76fa0e6d elementor-widget elementor-widget-heading\" data-id=\"76fa0e6d\" data-element_type=\"widget\" data-widget_type=\"heading.default\">\n\t\t\t\t\t<h2 class=\"elementor-heading-title elementor-size-default\">\u00catre SAGE, c\u2019est rejoindre l\u2019\u00e9quipe des SAGE ENGINEERS.<\/h2>\t\t\t\t<\/div>\n\t\t\t\t<\/div>\n\t\t\t\t\t<\/div>\n\t\t\t\t<\/div>\n\t\t\t\t\t<\/div>\n\t\t\t\t<\/div>\n\t\t<div class=\"elementor-element elementor-element-44df822f e-flex e-con-boxed e-con e-parent\" data-id=\"44df822f\" data-element_type=\"container\">\n\t\t\t\t\t<div class=\"e-con-inner\">\n\t\t<div class=\"elementor-element elementor-element-380b431 e-flex e-con-boxed e-con e-parent\" data-id=\"380b431\" data-element_type=\"container\">\n\t\t\t\t\t<div class=\"e-con-inner\">\n\t\t<div class=\"elementor-element elementor-element-b7efd55 e-con-full e-flex e-con e-parent\" data-id=\"b7efd55\" data-element_type=\"container\">\n\t\t\t\t<div class=\"elementor-element elementor-element-2366c9a4 elementor-widget elementor-widget-text-editor\" data-id=\"2366c9a4\" data-element_type=\"widget\" data-widget_type=\"text-editor.default\">\n\t\t\t\t\t\t\t\t\t<ul><li><strong>SAGE ENGINEERING<\/strong> <span style=\"color: #000000;\">est une entreprise \u00e0 taille humaine o\u00f9 ceux qui souhaitent grandir trouveront toujours un coll\u00e8gue qui aime aider les autres \u00e0 grandir, en facilitant le partage de connaissances et la prise d\u2019autonomie.<\/span><\/li><\/ul>\t\t\t\t\t\t\t\t<\/div>\n\t\t\t\t<div class=\"elementor-element elementor-element-a244380 elementor-widget elementor-widget-text-editor\" data-id=\"a244380\" data-element_type=\"widget\" data-widget_type=\"text-editor.default\">\n\t\t\t\t\t\t\t\t\t<ul><li><strong>\u00catre SAGE,<\/strong> <span style=\"color: #000000;\">c\u2019est aussi contribuer activement \u00e0 la croissance de SAGE ENGINEERING, tout en grandissant soi-m\u00eame.<\/span><\/li><\/ul>\t\t\t\t\t\t\t\t<\/div>\n\t\t\t\t<div class=\"elementor-element elementor-element-afff222 elementor-widget elementor-widget-text-editor\" data-id=\"afff222\" data-element_type=\"widget\" data-widget_type=\"text-editor.default\">\n\t\t\t\t\t\t\t\t\t<ul><li><strong>\u00catre SAGE<\/strong>, <span style=\"color: #000000;\">c\u2019est int\u00e9grer une \u00e9quipe dans laquelle il est possible de s\u2019\u00e9panouir, se former et entreprendre avec bienveillance et respect mutuel.<\/span><\/li><\/ul>\t\t\t\t\t\t\t\t<\/div>\n\t\t\t\t<\/div>\n\t\t<div class=\"elementor-element elementor-element-757b3f2 e-con-full e-flex e-con e-parent\" data-id=\"757b3f2\" data-element_type=\"container\">\n\t\t\t\t<div class=\"elementor-element elementor-element-1c159b7 elementor-widget elementor-widget-text-editor\" data-id=\"1c159b7\" data-element_type=\"widget\" data-widget_type=\"text-editor.default\">\n\t\t\t\t\t\t\t\t\t<ul><li><strong>\u00catre SAGE,<\/strong> <span style=\"color: #000000;\">c\u2019est \u00eatre au c\u0153ur de l\u2019innovation, qu\u2019elle soit technologique, organisationnelle, m\u00e9thodologique, r\u00e9glementaire\u2026 SAGE ENGINEERING encourage les prises d\u2019initiatives de ses collaborateurs et les pousse \u00e0 exprimer leurs id\u00e9es et projets.<\/span><\/li><\/ul>\t\t\t\t\t\t\t\t<\/div>\n\t\t\t\t<div class=\"elementor-element elementor-element-0a92b44 elementor-widget elementor-widget-text-editor\" data-id=\"0a92b44\" data-element_type=\"widget\" data-widget_type=\"text-editor.default\">\n\t\t\t\t\t\t\t\t\t<ul><li><strong>Chez SAGE ENGINEERING<\/strong>, <span style=\"color: #000000;\">la routine est interdite. Chaque mission, chaque client est diff\u00e9rent. Les SAGE ENGINEERS travaillent dans la France enti\u00e8re, parfois m\u00eame \u00e0 l\u2019\u00e9tranger.<\/span><\/li><\/ul>\t\t\t\t\t\t\t\t<\/div>\n\t\t\t\t<div class=\"elementor-element elementor-element-b2ae4b4 elementor-widget elementor-widget-text-editor\" data-id=\"b2ae4b4\" data-element_type=\"widget\" data-widget_type=\"text-editor.default\">\n\t\t\t\t\t\t\t\t\t<ul><li><strong>\u00catre SAGE,<\/strong> <span style=\"color: #000000;\">c\u2019est participer concr\u00e8tement \u00e0 la transition \u00e9cologique. C\u2019est \u00eatre et se sentir utile.<\/span><\/li><\/ul>\t\t\t\t\t\t\t\t<\/div>\n\t\t\t\t<\/div>\n\t\t\t\t\t<\/div>\n\t\t\t\t<\/div>\n\t\t\t\t\t<\/div>\n\t\t\t\t<\/div>\n\t\t<div class=\"elementor-element elementor-element-4e822c00 e-flex e-con-boxed e-con e-parent\" data-id=\"4e822c00\" data-element_type=\"container\" data-settings=\"{&quot;background_background&quot;:&quot;classic&quot;}\">\n\t\t\t\t\t<div class=\"e-con-inner\">\n\t\t<div class=\"elementor-element elementor-element-4457f39b e-flex e-con-boxed e-con e-parent\" data-id=\"4457f39b\" data-element_type=\"container\">\n\t\t\t\t\t<div class=\"e-con-inner\">\n\t\t<div class=\"elementor-element elementor-element-49b6d158 e-con-full e-flex e-con e-parent\" data-id=\"49b6d158\" data-element_type=\"container\" data-settings=\"{&quot;background_background&quot;:&quot;classic&quot;}\">\n\t\t\t\t<div class=\"elementor-element elementor-element-111bd4e2 tuyau-devenez-sage elementor-widget elementor-widget-text-editor\" data-id=\"111bd4e2\" data-element_type=\"widget\" data-widget_type=\"text-editor.default\">\n\t\t\t\t\t\t\t\t\t<p><span style=\"color: #000000;\">Chaque<\/span> <strong>SAGE<\/strong> <span style=\"color: #000000;\">est diff\u00e9rent, c\u2019est aussi notre force. Nous encourageons chacune et chacun \u00e0 prendre du temps pour vivre et <strong>partager ses passions et d\u00e9velopper ses talents.<\/strong><\/span><\/p>\t\t\t\t\t\t\t\t<\/div>\n\t\t\t\t<\/div>\n\t\t<div class=\"elementor-element elementor-element-5f13e77f e-con-full e-flex e-con e-parent\" data-id=\"5f13e77f\" data-element_type=\"container\">\n\t\t\t\t<div class=\"elementor-element elementor-element-5b8d9cf elementor-widget elementor-widget-image\" data-id=\"5b8d9cf\" data-element_type=\"widget\" data-widget_type=\"image.default\">\n\t\t\t\t\t\t\t\t\t\t\t\t\t\t\t<img fetchpriority=\"high\" decoding=\"async\" width=\"800\" height=\"434\" src=\"https:\/\/sage-engineering.fr\/wp-content\/uploads\/2023\/04\/rejoindre-equipe.jpg\" class=\"attachment-large size-large wp-image-96\" alt=\"\" srcset=\"https:\/\/sage-engineering.fr\/wp-content\/uploads\/2023\/04\/rejoindre-equipe.jpg 1000w, https:\/\/sage-engineering.fr\/wp-content\/uploads\/2023\/04\/rejoindre-equipe-300x163.jpg 300w, https:\/\/sage-engineering.fr\/wp-content\/uploads\/2023\/04\/rejoindre-equipe-768x416.jpg 768w\" sizes=\"(max-width: 800px) 100vw, 800px\" \/>\t\t\t\t\t\t\t\t\t\t\t\t\t\t\t<\/div>\n\t\t\t\t<\/div>\n\t\t\t\t\t<\/div>\n\t\t\t\t<\/div>\n\t\t\t\t\t<\/div>\n\t\t\t\t<\/div>\n\t\t<div class=\"elementor-element elementor-element-75f04a98 e-flex e-con-boxed e-con e-parent\" data-id=\"75f04a98\" data-element_type=\"container\">\n\t\t\t\t\t<div class=\"e-con-inner\">\n\t\t<div class=\"elementor-element elementor-element-23c41f17 e-flex e-con-boxed e-con e-parent\" data-id=\"23c41f17\" data-element_type=\"container\">\n\t\t\t\t\t<div class=\"e-con-inner\">\n\t\t<div class=\"elementor-element elementor-element-68d0f5a1 e-con-full e-flex e-con e-parent\" data-id=\"68d0f5a1\" data-element_type=\"container\" data-settings=\"{&quot;background_background&quot;:&quot;classic&quot;}\">\n\t\t\t\t<div class=\"elementor-element elementor-element-d4befdf elementor-blockquote--skin-clean elementor-blockquote--align-center elementor-blockquote--button-color-official elementor-widget elementor-widget-blockquote\" data-id=\"d4befdf\" data-element_type=\"widget\" data-widget_type=\"blockquote.default\">\n\t\t\t\t\t\t\t<blockquote class=\"elementor-blockquote\">\n\t\t\t<p class=\"elementor-blockquote__content\">\n\t\t\t\t<strong style=\"font-style: normal; color: #2B2751;\">SAGE :<\/strong> Dans l\u2019Antiquit\u00e9, personne r\u00e9put\u00e9e pour ses connaissances, \u2028son exp\u00e9rience, son jugement, et dont les avis sont \u00e9cout\u00e9s.\t\t\t<\/p>\n\t\t\t\t\t\t\t<div class=\"e-q-footer\">\n\t\t\t\t\t\t\t\t\t\t\t<cite class=\"elementor-blockquote__author\">D\u00e9finition du Larousse<\/cite>\n\t\t\t\t\t\t\t\t\t\t\t\t\t\t<\/div>\n\t\t\t\t\t<\/blockquote>\n\t\t\t\t\t\t<\/div>\n\t\t\t\t<\/div>\n\t\t\t\t\t<\/div>\n\t\t\t\t<\/div>\n\t\t\t\t\t<\/div>\n\t\t\t\t<\/div>\n\t\t<div class=\"elementor-element elementor-element-671a01b8 e-flex e-con-boxed e-con e-parent\" data-id=\"671a01b8\" data-element_type=\"container\" data-settings=\"{&quot;background_background&quot;:&quot;classic&quot;}\">\n\t\t\t\t\t<div class=\"e-con-inner\">\n\t\t<div class=\"elementor-element elementor-element-389d2939 e-flex e-con-boxed e-con e-parent\" data-id=\"389d2939\" data-element_type=\"container\">\n\t\t\t\t\t<div class=\"e-con-inner\">\n\t\t<div class=\"elementor-element elementor-element-479e4bf6 e-con-full e-flex e-con e-parent\" data-id=\"479e4bf6\" data-element_type=\"container\">\n\t\t\t\t<div class=\"elementor-element elementor-element-122af45e elementor-widget elementor-widget-heading\" data-id=\"122af45e\" data-element_type=\"widget\" data-widget_type=\"heading.default\">\n\t\t\t\t\t<h2 class=\"elementor-heading-title elementor-size-default\">REJOIGNEZ-NOUS !<\/h2>\t\t\t\t<\/div>\n\t\t\t\t<div class=\"elementor-element elementor-element-41ffce37 elementor-widget elementor-widget-text-editor\" data-id=\"41ffce37\" data-element_type=\"widget\" data-widget_type=\"text-editor.default\">\n\t\t\t\t\t\t\t\t\t<p>Rejoignez un bureau d\u2019\u00e9tudes \u00e0 taille humaine et aux convictions fortes et jouez un r\u00f4le d\u00e9terminant dans la transition \u00e9cologique de nos territoires.<\/p>\t\t\t\t\t\t\t\t<\/div>\n\t\t\t\t<div class=\"elementor-element elementor-element-5eb8d9a elementor-mobile-align-left elementor-widget elementor-widget-button\" data-id=\"5eb8d9a\" data-element_type=\"widget\" data-widget_type=\"button.default\">\n\t\t\t\t\t\t\t\t\t\t<a class=\"elementor-button elementor-button-link elementor-size-sm\" href=\"https:\/\/opportunites-carriere.sage-engineers.fr\/engineering\">\n\t\t\t\t\t\t<span class=\"elementor-button-content-wrapper\">\n\t\t\t\t\t\t<span class=\"elementor-button-icon\">\n\t\t\t\t<svg aria-hidden=\"true\" class=\"e-font-icon-svg e-far-arrow-alt-circle-right\" viewBox=\"0 0 512 512\" xmlns=\"http:\/\/www.w3.org\/2000\/svg\"><path d=\"M504 256C504 119 393 8 256 8S8 119 8 256s111 248 248 248 248-111 248-248zm-448 0c0-110.5 89.5-200 200-200s200 89.5 200 200-89.5 200-200 200S56 366.5 56 256zm72 20v-40c0-6.6 5.4-12 12-12h116v-67c0-10.7 12.9-16 20.5-8.5l99 99c4.7 4.7 4.7 12.3 0 17l-99 99c-7.6 7.6-20.5 2.2-20.5-8.5v-67H140c-6.6 0-12-5.4-12-12z\"><\/path><\/svg>\t\t\t<\/span>\n\t\t\t\t\t\t\t\t\t<span class=\"elementor-button-text\">retrouver nos annonces et postuler<\/span>\n\t\t\t\t\t<\/span>\n\t\t\t\t\t<\/a>\n\t\t\t\t\t\t\t\t<\/div>\n\t\t\t\t<\/div>\n\t\t\t\t\t<\/div>\n\t\t\t\t<\/div>\n\t\t\t\t\t<\/div>\n\t\t\t\t<\/div>\n\t\t\t\t<\/div>\n\t\t","protected":false},"excerpt":{"rendered":"<p>devenez sage &nbsp; \u00catre SAGE, c\u2019est rejoindre l\u2019\u00e9quipe des SAGE ENGINEERS. SAGE ENGINEERING est une entreprise \u00e0 taille humaine o\u00f9 ceux qui souhaitent grandir trouveront toujours un coll\u00e8gue qui aime aider les autres \u00e0 grandir, en facilitant le partage de connaissances et la prise d\u2019autonomie. \u00catre SAGE, c\u2019est aussi contribuer activement \u00e0 la croissance de [&hellip;]<\/p>\n","protected":false},"author":1,"featured_media":0,"parent":0,"menu_order":0,"comment_status":"closed","ping_status":"closed","template":"elementor_header_footer","meta":{"inline_featured_image":false,"footnotes":""},"categories":[],"tags":[],"acf":[],"yoast_head":"<!-- This site is optimized with the Yoast SEO plugin v20.7 - https:\/\/yoast.com\/wordpress\/plugins\/seo\/ -->\n<title>Devenez Sage - sage-engineering<\/title>\n<meta name=\"description\" content=\"SAGE ENGINEERING est une entreprise \u00e0 taille humaine o\u00f9 ceux qui souhaitent grandir trouveront toujours un coll\u00e8gue qui aime aider les autres \u00e0 grandir, en facilitant le partage de connaissances et la prise d\u2019autonomie.\" \/>\n<meta name=\"robots\" content=\"index, follow, max-snippet:-1, max-image-preview:large, max-video-preview:-1\" \/>\n<link rel=\"canonical\" href=\"https:\/\/sage-engineering.fr\/fr\/devenez-sage\/\" \/>\n<meta property=\"og:locale\" content=\"fr_FR\" \/>\n<meta property=\"og:type\" content=\"article\" \/>\n<meta property=\"og:title\" content=\"Devenez Sage - sage-engineering\" \/>\n<meta property=\"og:description\" content=\"SAGE ENGINEERING est une entreprise \u00e0 taille humaine o\u00f9 ceux qui souhaitent grandir trouveront toujours un coll\u00e8gue qui aime aider les autres \u00e0 grandir, en facilitant le partage de connaissances et la prise d\u2019autonomie.\" \/>\n<meta property=\"og:url\" content=\"https:\/\/sage-engineering.fr\/fr\/devenez-sage\/\" \/>\n<meta property=\"og:site_name\" content=\"sage-engineering\" \/>\n<meta property=\"article:modified_time\" content=\"2024-05-15T14:39:21+00:00\" \/>\n<meta property=\"og:image\" content=\"https:\/\/sage-engineering.fr\/wp-content\/uploads\/2023\/04\/rejoindre-equipe.jpg\" \/>\n<meta name=\"twitter:card\" content=\"summary_large_image\" \/>\n<meta name=\"twitter:label1\" content=\"Dur\u00e9e de lecture estim\u00e9e\" \/>\n\t<meta name=\"twitter:data1\" content=\"2 minutes\" \/>\n<script type=\"application\/ld+json\" class=\"yoast-schema-graph\">{\"@context\":\"https:\/\/schema.org\",\"@graph\":[{\"@type\":\"WebPage\",\"@id\":\"https:\/\/sage-engineering.fr\/fr\/devenez-sage\/\",\"url\":\"https:\/\/sage-engineering.fr\/fr\/devenez-sage\/\",\"name\":\"Devenez Sage - sage-engineering\",\"isPartOf\":{\"@id\":\"https:\/\/sage-engineering.fr\/fr\/#website\"},\"datePublished\":\"2023-04-07T14:13:19+00:00\",\"dateModified\":\"2024-05-15T14:39:21+00:00\",\"description\":\"SAGE ENGINEERING est une entreprise \u00e0 taille humaine o\u00f9 ceux qui souhaitent grandir trouveront toujours un coll\u00e8gue qui aime aider les autres \u00e0 grandir, en facilitant le partage de connaissances et la prise d\u2019autonomie.\",\"inLanguage\":\"fr-FR\",\"potentialAction\":[{\"@type\":\"ReadAction\",\"target\":[\"https:\/\/sage-engineering.fr\/fr\/devenez-sage\/\"]}]},{\"@type\":\"WebSite\",\"@id\":\"https:\/\/sage-engineering.fr\/fr\/#website\",\"url\":\"https:\/\/sage-engineering.fr\/fr\/\",\"name\":\"sage-engineering\",\"description\":\"\",\"publisher\":{\"@id\":\"https:\/\/sage-engineering.fr\/fr\/#organization\"},\"potentialAction\":[{\"@type\":\"SearchAction\",\"target\":{\"@type\":\"EntryPoint\",\"urlTemplate\":\"https:\/\/sage-engineering.fr\/fr\/?s={search_term_string}\"},\"query-input\":\"required name=search_term_string\"}],\"inLanguage\":\"fr-FR\"},{\"@type\":\"Organization\",\"@id\":\"https:\/\/sage-engineering.fr\/fr\/#organization\",\"name\":\"sage-engineering\",\"url\":\"https:\/\/sage-engineering.fr\/fr\/\",\"logo\":{\"@type\":\"ImageObject\",\"inLanguage\":\"fr-FR\",\"@id\":\"https:\/\/sage-engineering.fr\/fr\/#\/schema\/logo\/image\/\",\"url\":\"https:\/\/sage-engineering.fr\/wp-content\/uploads\/2023\/04\/logo-sage-engineering.svg\",\"contentUrl\":\"https:\/\/sage-engineering.fr\/wp-content\/uploads\/2023\/04\/logo-sage-engineering.svg\",\"width\":57,\"height\":97,\"caption\":\"sage-engineering\"},\"image\":{\"@id\":\"https:\/\/sage-engineering.fr\/fr\/#\/schema\/logo\/image\/\"}}]}<\/script>\n<!-- \/ Yoast SEO plugin. -->","yoast_head_json":{"title":"Devenez Sage - sage-engineering","description":"SAGE ENGINEERING est une entreprise \u00e0 taille humaine o\u00f9 ceux qui souhaitent grandir trouveront toujours un coll\u00e8gue qui aime aider les autres \u00e0 grandir, en facilitant le partage de connaissances et la prise d\u2019autonomie.","robots":{"index":"index","follow":"follow","max-snippet":"max-snippet:-1","max-image-preview":"max-image-preview:large","max-video-preview":"max-video-preview:-1"},"canonical":"https:\/\/sage-engineering.fr\/fr\/devenez-sage\/","og_locale":"fr_FR","og_type":"article","og_title":"Devenez Sage - sage-engineering","og_description":"SAGE ENGINEERING est une entreprise \u00e0 taille humaine o\u00f9 ceux qui souhaitent grandir trouveront toujours un coll\u00e8gue qui aime aider les autres \u00e0 grandir, en facilitant le partage de connaissances et la prise d\u2019autonomie.","og_url":"https:\/\/sage-engineering.fr\/fr\/devenez-sage\/","og_site_name":"sage-engineering","article_modified_time":"2024-05-15T14:39:21+00:00","og_image":[{"url":"https:\/\/sage-engineering.fr\/wp-content\/uploads\/2023\/04\/rejoindre-equipe.jpg"}],"twitter_card":"summary_large_image","twitter_misc":{"Dur\u00e9e de lecture estim\u00e9e":"2 minutes"},"schema":{"@context":"https:\/\/schema.org","@graph":[{"@type":"WebPage","@id":"https:\/\/sage-engineering.fr\/fr\/devenez-sage\/","url":"https:\/\/sage-engineering.fr\/fr\/devenez-sage\/","name":"Devenez Sage - sage-engineering","isPartOf":{"@id":"https:\/\/sage-engineering.fr\/fr\/#website"},"datePublished":"2023-04-07T14:13:19+00:00","dateModified":"2024-05-15T14:39:21+00:00","description":"SAGE ENGINEERING est une entreprise \u00e0 taille humaine o\u00f9 ceux qui souhaitent grandir trouveront toujours un coll\u00e8gue qui aime aider les autres \u00e0 grandir, en facilitant le partage de connaissances et la prise d\u2019autonomie.","inLanguage":"fr-FR","potentialAction":[{"@type":"ReadAction","target":["https:\/\/sage-engineering.fr\/fr\/devenez-sage\/"]}]},{"@type":"WebSite","@id":"https:\/\/sage-engineering.fr\/fr\/#website","url":"https:\/\/sage-engineering.fr\/fr\/","name":"sage-engineering","description":"","publisher":{"@id":"https:\/\/sage-engineering.fr\/fr\/#organization"},"potentialAction":[{"@type":"SearchAction","target":{"@type":"EntryPoint","urlTemplate":"https:\/\/sage-engineering.fr\/fr\/?s={search_term_string}"},"query-input":"required name=search_term_string"}],"inLanguage":"fr-FR"},{"@type":"Organization","@id":"https:\/\/sage-engineering.fr\/fr\/#organization","name":"sage-engineering","url":"https:\/\/sage-engineering.fr\/fr\/","logo":{"@type":"ImageObject","inLanguage":"fr-FR","@id":"https:\/\/sage-engineering.fr\/fr\/#\/schema\/logo\/image\/","url":"https:\/\/sage-engineering.fr\/wp-content\/uploads\/2023\/04\/logo-sage-engineering.svg","contentUrl":"https:\/\/sage-engineering.fr\/wp-content\/uploads\/2023\/04\/logo-sage-engineering.svg","width":57,"height":97,"caption":"sage-engineering"},"image":{"@id":"https:\/\/sage-engineering.fr\/fr\/#\/schema\/logo\/image\/"}}]}},"_links":{"self":[{"href":"https:\/\/sage-engineering.fr\/fr\/wp-json\/wp\/v2\/pages\/210"}],"collection":[{"href":"https:\/\/sage-engineering.fr\/fr\/wp-json\/wp\/v2\/pages"}],"about":[{"href":"https:\/\/sage-engineering.fr\/fr\/wp-json\/wp\/v2\/types\/page"}],"author":[{"embeddable":true,"href":"https:\/\/sage-engineering.fr\/fr\/wp-json\/wp\/v2\/users\/1"}],"replies":[{"embeddable":true,"href":"https:\/\/sage-engineering.fr\/fr\/wp-json\/wp\/v2\/comments?post=210"}],"version-history":[{"count":95,"href":"https:\/\/sage-engineering.fr\/fr\/wp-json\/wp\/v2\/pages\/210\/revisions"}],"predecessor-version":[{"id":3143,"href":"https:\/\/sage-engineering.fr\/fr\/wp-json\/wp\/v2\/pages\/210\/revisions\/3143"}],"wp:attachment":[{"href":"https:\/\/sage-engineering.fr\/fr\/wp-json\/wp\/v2\/media?parent=210"}],"wp:term":[{"taxonomy":"category","embeddable":true,"href":"https:\/\/sage-engineering.fr\/fr\/wp-json\/wp\/v2\/categories?post=210"},{"taxonomy":"post_tag","embeddable":true,"href":"https:\/\/sage-engineering.fr\/fr\/wp-json\/wp\/v2\/tags?post=210"}],"curies":[{"name":"wp","href":"https:\/\/api.w.org\/{rel}","templated":true}]}}