{"id":206,"date":"2023-04-07T14:12:24","date_gmt":"2023-04-07T14:12:24","guid":{"rendered":"http:\/\/localhost:10004\/?page_id=206"},"modified":"2023-09-07T09:20:15","modified_gmt":"2023-09-07T09:20:15","slug":"qui-sommes-nous","status":"publish","type":"page","link":"https:\/\/sage-engineering.fr\/fr\/qui-sommes-nous\/","title":{"rendered":"Qui sommes-nous ?"},"content":{"rendered":"\t\t<div data-elementor-type=\"wp-page\" data-elementor-id=\"206\" class=\"elementor elementor-206\" data-elementor-post-type=\"page\">\n\t\t\t\t<div class=\"elementor-element elementor-element-50ce7ee3 e-flex e-con-boxed e-con e-parent\" data-id=\"50ce7ee3\" data-element_type=\"container\" data-settings=\"{&quot;background_background&quot;:&quot;slideshow&quot;,&quot;background_slideshow_gallery&quot;:[],&quot;background_slideshow_loop&quot;:&quot;yes&quot;,&quot;background_slideshow_slide_duration&quot;:5000,&quot;background_slideshow_slide_transition&quot;:&quot;fade&quot;,&quot;background_slideshow_transition_duration&quot;:500}\">\n\t\t\t\t\t<div class=\"e-con-inner\">\n\t\t<div class=\"elementor-element elementor-element-1481a91f e-flex e-con-boxed e-con e-parent\" data-id=\"1481a91f\" data-element_type=\"container\" data-settings=\"{&quot;background_background&quot;:&quot;classic&quot;}\">\n\t\t\t\t\t<div class=\"e-con-inner\">\n\t\t<div class=\"elementor-element elementor-element-43fd70c4 e-flex e-con-boxed e-con e-parent\" data-id=\"43fd70c4\" data-element_type=\"container\">\n\t\t\t\t\t<div class=\"e-con-inner\">\n\t\t\t\t<div class=\"elementor-element elementor-element-612dd41a hero-title elementor-widget elementor-widget-heading\" data-id=\"612dd41a\" data-element_type=\"widget\" data-widget_type=\"heading.default\">\n\t\t\t\t\t<h1 class=\"elementor-heading-title elementor-size-default\">NOUS CONNA\u00ceTRE<\/h1>\t\t\t\t<\/div>\n\t\t\t\t<div class=\"elementor-element elementor-element-afb063a elementor-widget elementor-widget-html\" data-id=\"afb063a\" data-element_type=\"widget\" data-widget_type=\"html.default\">\n\t\t\t\t\t<div class=\"header-line\">&nbsp;<\/div>\t\t\t\t<\/div>\n\t\t\t\t\t<\/div>\n\t\t\t\t<\/div>\n\t\t\t\t\t<\/div>\n\t\t\t\t<\/div>\n\t\t\t\t\t<\/div>\n\t\t\t\t<\/div>\n\t\t<div class=\"elementor-element elementor-element-091a948 e-flex e-con-boxed e-con e-parent\" data-id=\"091a948\" data-element_type=\"container\" data-settings=\"{&quot;background_background&quot;:&quot;classic&quot;}\">\n\t\t\t\t\t<div class=\"e-con-inner\">\n\t\t<div class=\"elementor-element elementor-element-82e6101 e-flex e-con-boxed e-con e-parent\" data-id=\"82e6101\" data-element_type=\"container\">\n\t\t\t\t\t<div class=\"e-con-inner\">\n\t\t\t\t<div class=\"elementor-element elementor-element-3b0aad6 elementor-widget elementor-widget-heading\" data-id=\"3b0aad6\" data-element_type=\"widget\" data-widget_type=\"heading.default\">\n\t\t\t\t\t<h2 class=\"elementor-heading-title elementor-size-default\">Qui sommes-nous ?<\/h2>\t\t\t\t<\/div>\n\t\t\t\t<div class=\"elementor-element elementor-element-171d275 elementor-widget elementor-widget-text-editor\" data-id=\"171d275\" data-element_type=\"widget\" data-widget_type=\"text-editor.default\">\n\t\t\t\t\t\t\t\t\t<p><strong>Sage Engineering est une soci\u00e9t\u00e9 de conseil, sp\u00e9cialis\u00e9e dans l\u2019assistance \u00e0 ma\u00eetrise d\u2019ouvrage aupr\u00e8s de toutes les institutions publiques, collectivit\u00e9s territoriales en France comme \u00e0 l\u2019international.<\/strong> Notre savoir-faire se d\u00e9veloppe depuis plus de 30 ans dans les domaines de l\u2019environnement : les d\u00e9chets, l\u2019\u00e9nergie, l\u2019eau, et plus g\u00e9n\u00e9ralement l\u2019\u00e9cologie urbaine.<\/p>\t\t\t\t\t\t\t\t<\/div>\n\t\t\t\t\t<\/div>\n\t\t\t\t<\/div>\n\t\t<div class=\"elementor-element elementor-element-7a64dea e-flex e-con-boxed e-con e-parent\" data-id=\"7a64dea\" data-element_type=\"container\">\n\t\t\t\t\t<div class=\"e-con-inner\">\n\t\t<div class=\"elementor-element elementor-element-63c8441 e-con-full e-flex e-con e-parent\" data-id=\"63c8441\" data-element_type=\"container\">\n\t\t\t\t<div class=\"elementor-element elementor-element-680f48e elementor-widget elementor-widget-text-editor\" data-id=\"680f48e\" data-element_type=\"widget\" data-widget_type=\"text-editor.default\">\n\t\t\t\t\t\t\t\t\t<ul><li>Cr\u00e9\u00e9e en <strong>1986<\/strong> sous le nom de SAGE Services pour accompagner les collectivit\u00e9s locales dans leurs projets environnementaux structurants (cr\u00e9ation d\u2019outils de traitement de d\u00e9chets notamment), l\u2019entreprise a ensuite \u00e9largi ses domaines d\u2019intervention, en poursuivant sans cesse l\u2019objectif de r\u00e9pondre aux besoins de ses clients.<br \/><br \/>Elle d\u00e9veloppe avec ses clients <strong>un partenariat dans la dur\u00e9e<\/strong> qui permet de v\u00e9rifier les performances des installations mises en place.<br \/><br \/>C\u2019est ainsi que ses connaissances et comp\u00e9tences se sont enrichies avec l\u2019\u00e9volution des pratiques environnementales. Aujourd\u2019hui devenue <strong>SAGE Engineering<\/strong>, elle accompagne en France comme \u00e0 l\u2019international les collectivit\u00e9s souvent sur plusieurs probl\u00e9matiques.<br \/><br \/>CERTIFICATION (OPQIBI, QUALIMETHA\u2026) Membre de SN2E FNADE ADEME AMORCE<\/li><\/ul>\t\t\t\t\t\t\t\t<\/div>\n\t\t\t\t<\/div>\n\t\t<div class=\"elementor-element elementor-element-1b6c342 e-con-full e-flex e-con e-parent\" data-id=\"1b6c342\" data-element_type=\"container\" data-settings=\"{&quot;background_background&quot;:&quot;classic&quot;}\">\n\t\t\t\t<div class=\"elementor-element elementor-element-fb8b7d1 elementor-widget elementor-widget-image\" data-id=\"fb8b7d1\" data-element_type=\"widget\" data-widget_type=\"image.default\">\n\t\t\t\t\t\t\t\t\t\t\t\t\t\t\t<img fetchpriority=\"high\" decoding=\"async\" width=\"503\" height=\"585\" src=\"https:\/\/sage-engineering.fr\/wp-content\/uploads\/2023\/04\/carte.png\" class=\"attachment-large size-large wp-image-49\" alt=\"\" srcset=\"https:\/\/sage-engineering.fr\/wp-content\/uploads\/2023\/04\/carte.png 503w, https:\/\/sage-engineering.fr\/wp-content\/uploads\/2023\/04\/carte-258x300.png 258w\" sizes=\"(max-width: 503px) 100vw, 503px\" \/>\t\t\t\t\t\t\t\t\t\t\t\t\t\t\t<\/div>\n\t\t\t\t<\/div>\n\t\t\t\t\t<\/div>\n\t\t\t\t<\/div>\n\t\t\t\t\t<\/div>\n\t\t\t\t<\/div>\n\t\t<div class=\"elementor-element elementor-element-5118a852 e-flex e-con-boxed e-con e-parent\" data-id=\"5118a852\" data-element_type=\"container\" data-settings=\"{&quot;background_background&quot;:&quot;classic&quot;}\">\n\t\t\t\t\t<div class=\"e-con-inner\">\n\t\t<div class=\"elementor-element elementor-element-6cc5a403 e-flex e-con-boxed e-con e-parent\" data-id=\"6cc5a403\" data-element_type=\"container\">\n\t\t\t\t\t<div class=\"e-con-inner\">\n\t\t\t\t<div class=\"elementor-element elementor-element-99f74da elementor-widget elementor-widget-heading\" data-id=\"99f74da\" data-element_type=\"widget\" data-widget_type=\"heading.default\">\n\t\t\t\t\t<h2 class=\"elementor-heading-title elementor-size-default\">Notre histoire<\/h2>\t\t\t\t<\/div>\n\t\t\t\t<div class=\"elementor-element elementor-element-7d87f09 elementor-widget elementor-widget-image\" data-id=\"7d87f09\" data-element_type=\"widget\" data-widget_type=\"image.default\">\n\t\t\t\t\t\t\t\t\t\t\t\t\t\t\t<img decoding=\"async\" width=\"800\" height=\"424\" src=\"https:\/\/sage-engineering.fr\/wp-content\/uploads\/2023\/09\/historique-8-1024x543.png\" class=\"attachment-large size-large wp-image-2918\" alt=\"\" srcset=\"https:\/\/sage-engineering.fr\/wp-content\/uploads\/2023\/09\/historique-8-1024x543.png 1024w, https:\/\/sage-engineering.fr\/wp-content\/uploads\/2023\/09\/historique-8-300x159.png 300w, https:\/\/sage-engineering.fr\/wp-content\/uploads\/2023\/09\/historique-8-768x407.png 768w, https:\/\/sage-engineering.fr\/wp-content\/uploads\/2023\/09\/historique-8-1536x815.png 1536w, https:\/\/sage-engineering.fr\/wp-content\/uploads\/2023\/09\/historique-8-2048x1087.png 2048w, https:\/\/sage-engineering.fr\/wp-content\/uploads\/2023\/09\/historique-8-18x10.png 18w\" sizes=\"(max-width: 800px) 100vw, 800px\" \/>\t\t\t\t\t\t\t\t\t\t\t\t\t\t\t<\/div>\n\t\t\t\t\t<\/div>\n\t\t\t\t<\/div>\n\t\t\t\t\t<\/div>\n\t\t\t\t<\/div>\n\t\t<div class=\"elementor-element elementor-element-5bff8c8d e-flex e-con-boxed e-con e-parent\" data-id=\"5bff8c8d\" data-element_type=\"container\" data-settings=\"{&quot;background_background&quot;:&quot;classic&quot;}\">\n\t\t\t\t\t<div class=\"e-con-inner\">\n\t\t<div class=\"elementor-element elementor-element-767d8029 e-flex e-con-boxed e-con e-parent\" data-id=\"767d8029\" data-element_type=\"container\">\n\t\t\t\t\t<div class=\"e-con-inner\">\n\t\t<div class=\"elementor-element elementor-element-2742e947 e-con-full e-flex e-con e-parent\" data-id=\"2742e947\" data-element_type=\"container\">\n\t\t\t\t<div class=\"elementor-element elementor-element-13fe6d57 elementor-widget elementor-widget-heading\" data-id=\"13fe6d57\" data-element_type=\"widget\" data-widget_type=\"heading.default\">\n\t\t\t\t\t<h2 class=\"elementor-heading-title elementor-size-default\">NOTRE C\u0152UR DE M\u00c9TIER,<br>L'ASSISTANCE \u00c0 MA\u00ceTRISE D'OUVRAGE<\/h2>\t\t\t\t<\/div>\n\t\t\t\t<\/div>\n\t\t\t\t\t<\/div>\n\t\t\t\t<\/div>\n\t\t<div class=\"elementor-element elementor-element-75a62b0 e-flex e-con-boxed e-con e-parent\" data-id=\"75a62b0\" data-element_type=\"container\">\n\t\t\t\t\t<div class=\"e-con-inner\">\n\t\t<div class=\"elementor-element elementor-element-c4abeb0 e-con-full e-flex e-con e-parent\" data-id=\"c4abeb0\" data-element_type=\"container\" data-settings=\"{&quot;background_background&quot;:&quot;classic&quot;}\">\n\t\t\t\t<div class=\"elementor-element elementor-element-2677552 tuyau-metier elementor-widget elementor-widget-image\" data-id=\"2677552\" data-element_type=\"widget\" data-widget_type=\"image.default\">\n\t\t\t\t\t\t\t\t\t\t\t\t\t\t\t<img decoding=\"async\" width=\"552\" height=\"378\" src=\"https:\/\/sage-engineering.fr\/wp-content\/uploads\/2023\/04\/coeur-metier.jpg\" class=\"attachment-large size-large wp-image-50\" alt=\"\" srcset=\"https:\/\/sage-engineering.fr\/wp-content\/uploads\/2023\/04\/coeur-metier.jpg 552w, https:\/\/sage-engineering.fr\/wp-content\/uploads\/2023\/04\/coeur-metier-300x205.jpg 300w\" sizes=\"(max-width: 552px) 100vw, 552px\" \/>\t\t\t\t\t\t\t\t\t\t\t\t\t\t\t<\/div>\n\t\t\t\t<\/div>\n\t\t<div class=\"elementor-element elementor-element-e25a100 e-con-full e-flex e-con e-parent\" data-id=\"e25a100\" data-element_type=\"container\">\n\t\t\t\t<div class=\"elementor-element elementor-element-e083242 elementor-widget elementor-widget-text-editor\" data-id=\"e083242\" data-element_type=\"widget\" data-widget_type=\"text-editor.default\">\n\t\t\t\t\t\t\t\t\t<ul><li>D\u00e9finition du besoin, \u00e9tudes prospectives, choix du mode de gestion, \u00e9laboration des dossiers d&rsquo;appel d&rsquo;offres, assistance au recrutement des entreprises, n\u00e9gociations, contractualisation&#8230;<br \/><br \/><span style=\"color: #49b170;\"><strong>Sage Engineering<\/strong><\/span> est le chef d&rsquo;orchestre de l&rsquo;\u00e9quipe d&rsquo;AMO pour garantir \u00e0 ses clients des rendus coh\u00e9rents, de qualit\u00e9 et dans les d\u00e9lais. Animation d&rsquo;\u00e9quipes pluridisciplinaires : <strong>juridique, financi\u00e8re, technique, communication.<\/strong><\/li><\/ul>\t\t\t\t\t\t\t\t<\/div>\n\t\t\t\t<\/div>\n\t\t\t\t\t<\/div>\n\t\t\t\t<\/div>\n\t\t\t\t\t<\/div>\n\t\t\t\t<\/div>\n\t\t\t\t<\/div>\n\t\t","protected":false},"excerpt":{"rendered":"<p>NOUS CONNA\u00ceTRE &nbsp; Qui sommes-nous ? Sage Engineering est une soci\u00e9t\u00e9 de conseil, sp\u00e9cialis\u00e9e dans l\u2019assistance \u00e0 ma\u00eetrise d\u2019ouvrage aupr\u00e8s de toutes les institutions publiques, collectivit\u00e9s territoriales en France comme \u00e0 l\u2019international. Notre savoir-faire se d\u00e9veloppe depuis plus de 30 ans dans les domaines de l\u2019environnement : les d\u00e9chets, l\u2019\u00e9nergie, l\u2019eau, et plus g\u00e9n\u00e9ralement l\u2019\u00e9cologie [&hellip;]<\/p>\n","protected":false},"author":1,"featured_media":0,"parent":0,"menu_order":0,"comment_status":"closed","ping_status":"closed","template":"elementor_header_footer","meta":{"inline_featured_image":false,"footnotes":""},"categories":[],"tags":[],"acf":[],"yoast_head":"<!-- This site is optimized with the Yoast SEO plugin v20.7 - https:\/\/yoast.com\/wordpress\/plugins\/seo\/ -->\n<title>Qui sommes-nous ? - sage-engineering<\/title>\n<meta name=\"description\" content=\"Sage Engineering est une soci\u00e9t\u00e9 de conseil, sp\u00e9cialis\u00e9e dans l\u2019assistance \u00e0 ma\u00eetrise d\u2019ouvrage aupr\u00e8s de toutes les institutions publiques, collectivit\u00e9s territoriales en France comme \u00e0 l\u2019international\" \/>\n<meta name=\"robots\" content=\"index, follow, max-snippet:-1, max-image-preview:large, max-video-preview:-1\" \/>\n<link rel=\"canonical\" href=\"https:\/\/sage-engineering.fr\/fr\/qui-sommes-nous\/\" \/>\n<meta property=\"og:locale\" content=\"fr_FR\" \/>\n<meta property=\"og:type\" content=\"article\" \/>\n<meta property=\"og:title\" content=\"Qui sommes-nous ? - sage-engineering\" \/>\n<meta property=\"og:description\" content=\"Sage Engineering est une soci\u00e9t\u00e9 de conseil, sp\u00e9cialis\u00e9e dans l\u2019assistance \u00e0 ma\u00eetrise d\u2019ouvrage aupr\u00e8s de toutes les institutions publiques, collectivit\u00e9s territoriales en France comme \u00e0 l\u2019international\" \/>\n<meta property=\"og:url\" content=\"https:\/\/sage-engineering.fr\/fr\/qui-sommes-nous\/\" \/>\n<meta property=\"og:site_name\" content=\"sage-engineering\" \/>\n<meta property=\"article:modified_time\" content=\"2023-09-07T09:20:15+00:00\" \/>\n<meta property=\"og:image\" content=\"http:\/\/sageengineering.sage-industry.fr\/wp-content\/uploads\/2023\/04\/carte.png\" \/>\n<meta name=\"twitter:card\" content=\"summary_large_image\" \/>\n<meta name=\"twitter:label1\" content=\"Dur\u00e9e de lecture estim\u00e9e\" \/>\n\t<meta name=\"twitter:data1\" content=\"2 minutes\" \/>\n<script type=\"application\/ld+json\" class=\"yoast-schema-graph\">{\"@context\":\"https:\/\/schema.org\",\"@graph\":[{\"@type\":\"WebPage\",\"@id\":\"https:\/\/sage-engineering.fr\/fr\/qui-sommes-nous\/\",\"url\":\"https:\/\/sage-engineering.fr\/fr\/qui-sommes-nous\/\",\"name\":\"Qui sommes-nous ? - sage-engineering\",\"isPartOf\":{\"@id\":\"https:\/\/sage-engineering.fr\/fr\/#website\"},\"datePublished\":\"2023-04-07T14:12:24+00:00\",\"dateModified\":\"2023-09-07T09:20:15+00:00\",\"description\":\"Sage Engineering est une soci\u00e9t\u00e9 de conseil, sp\u00e9cialis\u00e9e dans l\u2019assistance \u00e0 ma\u00eetrise d\u2019ouvrage aupr\u00e8s de toutes les institutions publiques, collectivit\u00e9s territoriales en France comme \u00e0 l\u2019international\",\"inLanguage\":\"fr-FR\",\"potentialAction\":[{\"@type\":\"ReadAction\",\"target\":[\"https:\/\/sage-engineering.fr\/fr\/qui-sommes-nous\/\"]}]},{\"@type\":\"WebSite\",\"@id\":\"https:\/\/sage-engineering.fr\/fr\/#website\",\"url\":\"https:\/\/sage-engineering.fr\/fr\/\",\"name\":\"sage-engineering\",\"description\":\"\",\"publisher\":{\"@id\":\"https:\/\/sage-engineering.fr\/fr\/#organization\"},\"potentialAction\":[{\"@type\":\"SearchAction\",\"target\":{\"@type\":\"EntryPoint\",\"urlTemplate\":\"https:\/\/sage-engineering.fr\/fr\/?s={search_term_string}\"},\"query-input\":\"required name=search_term_string\"}],\"inLanguage\":\"fr-FR\"},{\"@type\":\"Organization\",\"@id\":\"https:\/\/sage-engineering.fr\/fr\/#organization\",\"name\":\"sage-engineering\",\"url\":\"https:\/\/sage-engineering.fr\/fr\/\",\"logo\":{\"@type\":\"ImageObject\",\"inLanguage\":\"fr-FR\",\"@id\":\"https:\/\/sage-engineering.fr\/fr\/#\/schema\/logo\/image\/\",\"url\":\"https:\/\/sage-engineering.fr\/wp-content\/uploads\/2023\/04\/logo-sage-engineering.svg\",\"contentUrl\":\"https:\/\/sage-engineering.fr\/wp-content\/uploads\/2023\/04\/logo-sage-engineering.svg\",\"width\":57,\"height\":97,\"caption\":\"sage-engineering\"},\"image\":{\"@id\":\"https:\/\/sage-engineering.fr\/fr\/#\/schema\/logo\/image\/\"}}]}<\/script>\n<!-- \/ Yoast SEO plugin. -->","yoast_head_json":{"title":"Qui sommes-nous ? - sage-engineering","description":"Sage Engineering est une soci\u00e9t\u00e9 de conseil, sp\u00e9cialis\u00e9e dans l\u2019assistance \u00e0 ma\u00eetrise d\u2019ouvrage aupr\u00e8s de toutes les institutions publiques, collectivit\u00e9s territoriales en France comme \u00e0 l\u2019international","robots":{"index":"index","follow":"follow","max-snippet":"max-snippet:-1","max-image-preview":"max-image-preview:large","max-video-preview":"max-video-preview:-1"},"canonical":"https:\/\/sage-engineering.fr\/fr\/qui-sommes-nous\/","og_locale":"fr_FR","og_type":"article","og_title":"Qui sommes-nous ? - sage-engineering","og_description":"Sage Engineering est une soci\u00e9t\u00e9 de conseil, sp\u00e9cialis\u00e9e dans l\u2019assistance \u00e0 ma\u00eetrise d\u2019ouvrage aupr\u00e8s de toutes les institutions publiques, collectivit\u00e9s territoriales en France comme \u00e0 l\u2019international","og_url":"https:\/\/sage-engineering.fr\/fr\/qui-sommes-nous\/","og_site_name":"sage-engineering","article_modified_time":"2023-09-07T09:20:15+00:00","og_image":[{"url":"http:\/\/sageengineering.sage-industry.fr\/wp-content\/uploads\/2023\/04\/carte.png"}],"twitter_card":"summary_large_image","twitter_misc":{"Dur\u00e9e de lecture estim\u00e9e":"2 minutes"},"schema":{"@context":"https:\/\/schema.org","@graph":[{"@type":"WebPage","@id":"https:\/\/sage-engineering.fr\/fr\/qui-sommes-nous\/","url":"https:\/\/sage-engineering.fr\/fr\/qui-sommes-nous\/","name":"Qui sommes-nous ? - sage-engineering","isPartOf":{"@id":"https:\/\/sage-engineering.fr\/fr\/#website"},"datePublished":"2023-04-07T14:12:24+00:00","dateModified":"2023-09-07T09:20:15+00:00","description":"Sage Engineering est une soci\u00e9t\u00e9 de conseil, sp\u00e9cialis\u00e9e dans l\u2019assistance \u00e0 ma\u00eetrise d\u2019ouvrage aupr\u00e8s de toutes les institutions publiques, collectivit\u00e9s territoriales en France comme \u00e0 l\u2019international","inLanguage":"fr-FR","potentialAction":[{"@type":"ReadAction","target":["https:\/\/sage-engineering.fr\/fr\/qui-sommes-nous\/"]}]},{"@type":"WebSite","@id":"https:\/\/sage-engineering.fr\/fr\/#website","url":"https:\/\/sage-engineering.fr\/fr\/","name":"sage-engineering","description":"","publisher":{"@id":"https:\/\/sage-engineering.fr\/fr\/#organization"},"potentialAction":[{"@type":"SearchAction","target":{"@type":"EntryPoint","urlTemplate":"https:\/\/sage-engineering.fr\/fr\/?s={search_term_string}"},"query-input":"required name=search_term_string"}],"inLanguage":"fr-FR"},{"@type":"Organization","@id":"https:\/\/sage-engineering.fr\/fr\/#organization","name":"sage-engineering","url":"https:\/\/sage-engineering.fr\/fr\/","logo":{"@type":"ImageObject","inLanguage":"fr-FR","@id":"https:\/\/sage-engineering.fr\/fr\/#\/schema\/logo\/image\/","url":"https:\/\/sage-engineering.fr\/wp-content\/uploads\/2023\/04\/logo-sage-engineering.svg","contentUrl":"https:\/\/sage-engineering.fr\/wp-content\/uploads\/2023\/04\/logo-sage-engineering.svg","width":57,"height":97,"caption":"sage-engineering"},"image":{"@id":"https:\/\/sage-engineering.fr\/fr\/#\/schema\/logo\/image\/"}}]}},"_links":{"self":[{"href":"https:\/\/sage-engineering.fr\/fr\/wp-json\/wp\/v2\/pages\/206"}],"collection":[{"href":"https:\/\/sage-engineering.fr\/fr\/wp-json\/wp\/v2\/pages"}],"about":[{"href":"https:\/\/sage-engineering.fr\/fr\/wp-json\/wp\/v2\/types\/page"}],"author":[{"embeddable":true,"href":"https:\/\/sage-engineering.fr\/fr\/wp-json\/wp\/v2\/users\/1"}],"replies":[{"embeddable":true,"href":"https:\/\/sage-engineering.fr\/fr\/wp-json\/wp\/v2\/comments?post=206"}],"version-history":[{"count":80,"href":"https:\/\/sage-engineering.fr\/fr\/wp-json\/wp\/v2\/pages\/206\/revisions"}],"predecessor-version":[{"id":2977,"href":"https:\/\/sage-engineering.fr\/fr\/wp-json\/wp\/v2\/pages\/206\/revisions\/2977"}],"wp:attachment":[{"href":"https:\/\/sage-engineering.fr\/fr\/wp-json\/wp\/v2\/media?parent=206"}],"wp:term":[{"taxonomy":"category","embeddable":true,"href":"https:\/\/sage-engineering.fr\/fr\/wp-json\/wp\/v2\/categories?post=206"},{"taxonomy":"post_tag","embeddable":true,"href":"https:\/\/sage-engineering.fr\/fr\/wp-json\/wp\/v2\/tags?post=206"}],"curies":[{"name":"wp","href":"https:\/\/api.w.org\/{rel}","templated":true}]}}