{"id":217,"date":"2023-04-07T14:15:57","date_gmt":"2023-04-07T14:15:57","guid":{"rendered":"http:\/\/localhost:10004\/?page_id=217"},"modified":"2023-09-01T16:52:19","modified_gmt":"2023-09-01T16:52:19","slug":"politique-de-confidentialite","status":"publish","type":"page","link":"https:\/\/sage-engineering.fr\/en\/politique-de-confidentialite\/","title":{"rendered":"Politique de confidentialit\u00e9"},"content":{"rendered":"<div data-elementor-type=\"wp-page\" data-elementor-id=\"217\" class=\"elementor elementor-217\" data-elementor-post-type=\"page\">\n\t\t\t\t<div class=\"elementor-element elementor-element-15b80646 e-flex e-con-boxed e-con e-parent\" data-id=\"15b80646\" data-element_type=\"container\" data-settings=\"{&quot;background_background&quot;:&quot;slideshow&quot;,&quot;background_slideshow_gallery&quot;:[],&quot;background_slideshow_loop&quot;:&quot;yes&quot;,&quot;background_slideshow_slide_duration&quot;:5000,&quot;background_slideshow_slide_transition&quot;:&quot;fade&quot;,&quot;background_slideshow_transition_duration&quot;:500}\">\n\t\t\t\t\t<div class=\"e-con-inner\">\n\t\t<div class=\"elementor-element elementor-element-757aa605 e-flex e-con-boxed e-con e-parent\" data-id=\"757aa605\" data-element_type=\"container\" data-settings=\"{&quot;background_background&quot;:&quot;classic&quot;}\">\n\t\t\t\t\t<div class=\"e-con-inner\">\n\t\t<div class=\"elementor-element elementor-element-556db064 e-flex e-con-boxed e-con e-parent\" data-id=\"556db064\" data-element_type=\"container\">\n\t\t\t\t\t<div class=\"e-con-inner\">\n\t\t\t\t<div class=\"elementor-element elementor-element-7b1b4d71 hero-title elementor-widget elementor-widget-heading\" data-id=\"7b1b4d71\" data-element_type=\"widget\" data-widget_type=\"heading.default\">\n\t\t\t\t\t<h1 class=\"elementor-heading-title elementor-size-default\">Politique de<br> confidentialit\u00e9<\/h1>\t\t\t\t<\/div>\n\t\t\t\t<div class=\"elementor-element elementor-element-6d04a3bb elementor-widget elementor-widget-html\" data-id=\"6d04a3bb\" data-element_type=\"widget\" data-widget_type=\"html.default\">\n\t\t\t\t\t<div class=\"header-line\">&nbsp;<\/div>\t\t\t\t<\/div>\n\t\t\t\t\t<\/div>\n\t\t\t\t<\/div>\n\t\t\t\t\t<\/div>\n\t\t\t\t<\/div>\n\t\t\t\t\t<\/div>\n\t\t\t\t<\/div>\n\t\t<div class=\"elementor-element elementor-element-50e2bc6b e-flex e-con-boxed e-con e-parent\" data-id=\"50e2bc6b\" data-element_type=\"container\">\n\t\t\t\t\t<div class=\"e-con-inner\">\n\t\t<div class=\"elementor-element elementor-element-106d29b0 e-flex e-con-boxed e-con e-parent\" data-id=\"106d29b0\" data-element_type=\"container\">\n\t\t\t\t\t<div class=\"e-con-inner\">\n\t\t<div class=\"elementor-element elementor-element-553cef6c e-con-full e-flex e-con e-parent\" data-id=\"553cef6c\" data-element_type=\"container\">\n\t\t\t\t<div class=\"elementor-element elementor-element-71e4b9f elementor-widget elementor-widget-heading\" data-id=\"71e4b9f\" data-element_type=\"widget\" data-widget_type=\"heading.default\">\n\t\t\t\t\t<h2 class=\"elementor-heading-title elementor-size-default\">Politique de confidentialit\u00e9<\/h2>\t\t\t\t<\/div>\n\t\t\t\t<div class=\"elementor-element elementor-element-b062c21 elementor-widget elementor-widget-heading\" data-id=\"b062c21\" data-element_type=\"widget\" data-widget_type=\"heading.default\">\n\t\t\t\t\t<h5 class=\"elementor-heading-title elementor-size-default\">Qui sommes-nous ?<\/h5>\t\t\t\t<\/div>\n\t\t\t\t<div class=\"elementor-element elementor-element-88453d9 elementor-widget elementor-widget-text-editor\" data-id=\"88453d9\" data-element_type=\"widget\" data-widget_type=\"text-editor.default\">\n\t\t\t\t\t\t\t\t\t<p>L\u2019adresse de notre site est\u00a0: <a href=\"https:\/\/sage-engineering.fr\/en\/\">http:\/\/www.sage-engineering.fr<\/a>.<\/p><p>Ce site web vous est fourni par la soci\u00e9t\u00e9 SAGE ENGINEERING, soci\u00e9t\u00e9 par \u00e0 responsabilit\u00e9 limit\u00e9e au capital de 200\u00a0000\u20ac, dont le si\u00e8ge social est situ\u00e9 45 Quai Charles Pasqua \u2013 92300 Levallois-Perret, immatricul\u00e9e au registre du commerce et des soci\u00e9t\u00e9s sous le num\u00e9ro d\u2019identification unique Nanterre B 490\u00a0018\u00a0553.<\/p><p>SAGE ENGINEERING respecte la confidentialit\u00e9 des utilisateurs et traite toutes les donn\u00e9es personnelles conform\u00e9ment au R\u00e8glement G\u00e9n\u00e9ral sur la Protection des Donn\u00e9es de l\u2019UE (RGPD) et aux autres lois pertinentes.<\/p><p>Cette politique de confidentialit\u00e9 d\u00e9crit les informations que nous recueillons, les raisons de leur collecte, leur utilisation planifi\u00e9e et les choix qui s\u2019offrent \u00e0 vous concernant l\u2019utilisation, l\u2019acc\u00e8s et la correction de vos informations personnelles.<\/p>\t\t\t\t\t\t\t\t<\/div>\n\t\t\t\t<div class=\"elementor-element elementor-element-e9ef2b5 elementor-widget elementor-widget-heading\" data-id=\"e9ef2b5\" data-element_type=\"widget\" data-widget_type=\"heading.default\">\n\t\t\t\t\t<h5 class=\"elementor-heading-title elementor-size-default\">Utilisation des donn\u00e9es personnelles collect\u00e9es<\/h5>\t\t\t\t<\/div>\n\t\t\t\t<div class=\"elementor-element elementor-element-1d6dcb4 elementor-widget elementor-widget-heading\" data-id=\"1d6dcb4\" data-element_type=\"widget\" data-widget_type=\"heading.default\">\n\t\t\t\t\t<h6 class=\"elementor-heading-title elementor-size-default\">Commentaires<\/h6>\t\t\t\t<\/div>\n\t\t\t\t<div class=\"elementor-element elementor-element-426bc6a elementor-widget elementor-widget-text-editor\" data-id=\"426bc6a\" data-element_type=\"widget\" data-widget_type=\"text-editor.default\">\n\t\t\t\t\t\t\t\t\t<p>Quand vous laissez un commentaire sur notre site, les donn\u00e9es inscrites dans le formulaire de commentaire, mais aussi votre adresse IP et l\u2019agent utilisateur de votre navigateur sont collect\u00e9s pour nous aider \u00e0 la d\u00e9tection des commentaires ind\u00e9sirables.<\/p><p>Une cha\u00eene anonymis\u00e9e cr\u00e9\u00e9e \u00e0 partir de votre adresse e-mail (\u00e9galement appel\u00e9e hash) peut \u00eatre envoy\u00e9e au service Gravatar pour v\u00e9rifier si vous utilisez ce dernier. Les clauses de confidentialit\u00e9 du service Gravatar sont disponibles ici\u00a0: https:\/\/automattic.com\/privacy\/. Apr\u00e8s validation de votre commentaire, votre photo de profil sera visible publiquement \u00e0 c\u00f4t\u00e9 de votre commentaire.<\/p>\t\t\t\t\t\t\t\t<\/div>\n\t\t\t\t<div class=\"elementor-element elementor-element-4612ac2 elementor-widget elementor-widget-heading\" data-id=\"4612ac2\" data-element_type=\"widget\" data-widget_type=\"heading.default\">\n\t\t\t\t\t<h6 class=\"elementor-heading-title elementor-size-default\">M\u00e9dias<\/h6>\t\t\t\t<\/div>\n\t\t\t\t<div class=\"elementor-element elementor-element-921b9f1 elementor-widget elementor-widget-text-editor\" data-id=\"921b9f1\" data-element_type=\"widget\" data-widget_type=\"text-editor.default\">\n\t\t\t\t\t\t\t\t\t<p>Si vous t\u00e9l\u00e9versez des images sur le site, nous vous conseillons d\u2019\u00e9viter de t\u00e9l\u00e9verser des images contenant des donn\u00e9es EXIF de coordonn\u00e9es GPS. Les personnes visitant votre site peuvent t\u00e9l\u00e9charger et extraire des donn\u00e9es de localisation depuis ces images.<\/p>\t\t\t\t\t\t\t\t<\/div>\n\t\t\t\t<div class=\"elementor-element elementor-element-350559a elementor-widget elementor-widget-heading\" data-id=\"350559a\" data-element_type=\"widget\" data-widget_type=\"heading.default\">\n\t\t\t\t\t<h5 class=\"elementor-heading-title elementor-size-default\">Formulaires de contact<\/h5>\t\t\t\t<\/div>\n\t\t\t\t<div class=\"elementor-element elementor-element-750eb96 elementor-widget elementor-widget-heading\" data-id=\"750eb96\" data-element_type=\"widget\" data-widget_type=\"heading.default\">\n\t\t\t\t\t<h6 class=\"elementor-heading-title elementor-size-default\">Cookies<\/h6>\t\t\t\t<\/div>\n\t\t\t\t<div class=\"elementor-element elementor-element-2e44c67 elementor-widget elementor-widget-text-editor\" data-id=\"2e44c67\" data-element_type=\"widget\" data-widget_type=\"text-editor.default\">\n\t\t\t\t\t\t\t\t\t<p>Si vous d\u00e9posez un commentaire sur notre site, il vous sera propos\u00e9 d\u2019enregistrer votre nom, adresse e-mail et site dans des cookies. C\u2019est uniquement pour votre confort afin de ne pas avoir \u00e0 saisir ces informations si vous d\u00e9posez un autre commentaire plus tard. Ces cookies expirent au bout d\u2019un an.<\/p><p>Si vous vous rendez sur la page de connexion, un cookie temporaire sera cr\u00e9\u00e9 afin de d\u00e9terminer si votre navigateur accepte les cookies. Il ne contient pas de donn\u00e9es personnelles et sera supprim\u00e9 automatiquement \u00e0 la fermeture de votre navigateur.<\/p><p>Lorsque vous vous connecterez, nous mettrons en place un certain nombre de cookies pour enregistrer vos informations de connexion et vos pr\u00e9f\u00e9rences d\u2019\u00e9cran. La dur\u00e9e de vie d\u2019un cookie de connexion est de deux jours, celle d\u2019un cookie d\u2019option d\u2019\u00e9cran est d\u2019un an. Si vous cochez \u00ab\u00a0Se souvenir de moi\u00a0\u00bb, votre cookie de connexion sera conserv\u00e9 pendant deux semaines. Si vous vous d\u00e9connectez de votre compte, le cookie de connexion sera effac\u00e9.<\/p><p>En modifiant ou en publiant une publication, un cookie suppl\u00e9mentaire sera enregistr\u00e9 dans votre navigateur. Ce cookie ne comprend aucune donn\u00e9e personnelle. Il indique simplement l\u2019ID de la publication que vous venez de modifier. Il expire au bout d\u2019un jour.<\/p>\t\t\t\t\t\t\t\t<\/div>\n\t\t\t\t<div class=\"elementor-element elementor-element-69c059e elementor-widget elementor-widget-heading\" data-id=\"69c059e\" data-element_type=\"widget\" data-widget_type=\"heading.default\">\n\t\t\t\t\t<h5 class=\"elementor-heading-title elementor-size-default\">Contenu embarqu\u00e9 depuis d\u2019autres sites<\/h5>\t\t\t\t<\/div>\n\t\t\t\t<div class=\"elementor-element elementor-element-caaa74d elementor-widget elementor-widget-text-editor\" data-id=\"caaa74d\" data-element_type=\"widget\" data-widget_type=\"text-editor.default\">\n\t\t\t\t\t\t\t\t\t<p>Les articles de ce site peuvent inclure des contenus int\u00e9gr\u00e9s (par exemple des vid\u00e9os, images, articles\u2026). Le contenu int\u00e9gr\u00e9 depuis d\u2019autres sites se comporte de la m\u00eame mani\u00e8re que si le visiteur se rendait sur cet autre site.<\/p><p>Ces sites web pourraient collecter des donn\u00e9es sur vous, utiliser des cookies, embarquer des outils de suivis tiers, suivre vos interactions avec ces contenus embarqu\u00e9s si vous disposez d\u2019un compte connect\u00e9 sur leur site web.<\/p>\t\t\t\t\t\t\t\t<\/div>\n\t\t\t\t<div class=\"elementor-element elementor-element-f08f9d5 elementor-widget elementor-widget-heading\" data-id=\"f08f9d5\" data-element_type=\"widget\" data-widget_type=\"heading.default\">\n\t\t\t\t\t<h5 class=\"elementor-heading-title elementor-size-default\">Statistiques et mesures d\u2019audience<\/h5>\t\t\t\t<\/div>\n\t\t\t\t<div class=\"elementor-element elementor-element-8cb518b elementor-widget elementor-widget-text-editor\" data-id=\"8cb518b\" data-element_type=\"widget\" data-widget_type=\"text-editor.default\">\n\t\t\t\t\t\t\t\t\t<p>Ce site web utilise Google Analytics, un service d\u2019analyse web fourni par Google Ireland Limited, Gordon House, Barrow Street, Dublin 4, Irlande. L\u2019utilisation inclut le mode Universal Analytics. Il est ainsi possible d\u2019attribuer des donn\u00e9es, des sessions et des interactions entre plusieurs appareils \u00e0 un identifiant pseudonyme et d\u2019analyser ainsi les activit\u00e9s d\u2019un utilisateur sur plusieurs appareils.<\/p><p>Google Analytics utilise des cookies qui permettent d\u2019analyser votre utilisation du site web. Les informations contenues dans le cookie concernant votre utilisation du site web sont g\u00e9n\u00e9ralement transf\u00e9r\u00e9es \u00e0 un serveur de Google aux \u00c9tats-Unis et y sont stock\u00e9es. Toutefois, lorsque l\u2019anonymisation IP est activ\u00e9e sur ce site, votre adresse IP sera raccourcie par Google dans les \u00c9tats membres de l\u2019Union europ\u00e9enne ou dans d\u2019autres \u00c9tats signataires de l\u2019accord dans l\u2019Espace \u00e9conomique europ\u00e9en. L\u2019adresse IP compl\u00e8te sera uniquement transf\u00e9r\u00e9e et raccourcie sur un serveur de Google aux \u00c9tats-Unis dans des cas exceptionnels. L\u2019adresse IP transmise par votre navigateur pour le traitement de Google Analytics n\u2019est pas fusionn\u00e9e avec d\u2019autres donn\u00e9es de Google. Au nom de l\u2019exploitant de ce site web, Google utilisera ces informations pour \u00e9valuer votre utilisation de ce site web, \u00e9tablir des rapports sur ses activit\u00e9s et fournir d\u2019autres services \u00e0 cet exploitant concernant l\u2019utilisation de son site web et celle de l\u2019Internet. Ces activit\u00e9s r\u00e9pondent aussi \u00e0 notre int\u00e9r\u00eat l\u00e9gitime dans le traitement des donn\u00e9es. Afin de garantir la l\u00e9galit\u00e9 du traitement, nous traitons vos donn\u00e9es avec Google Analytics uniquement sur la base de votre consentement, conform\u00e9ment \u00e0 l\u2019Article 6 Paragraphe 1 al. a) du RGPD. Vous pouvez bien s\u00fbr r\u00e9voquer ce consentement \u00e0 tout moment. Les donn\u00e9es que nous envoyons et qui sont li\u00e9es \u00e0 des cookies, des identifiants d\u2019utilisateur ou des identifiants publicitaires sont automatiquement supprim\u00e9es apr\u00e8s 14 mois. Les donn\u00e9es dont la dur\u00e9e de conservation a \u00e9t\u00e9 atteinte sont automatiquement effac\u00e9es une fois par mois. Vous trouverez de plus amples informations sur les conditions d\u2019utilisation et la protection des donn\u00e9es sur le site : https:\/\/policies.google.com\/?hl=de.<\/p>\t\t\t\t\t\t\t\t<\/div>\n\t\t\t\t<div class=\"elementor-element elementor-element-6da7bab elementor-widget elementor-widget-heading\" data-id=\"6da7bab\" data-element_type=\"widget\" data-widget_type=\"heading.default\">\n\t\t\t\t\t<h5 class=\"elementor-heading-title elementor-size-default\">Utilisation et transmission de vos donn\u00e9es personnelles<\/h5>\t\t\t\t<\/div>\n\t\t\t\t<div class=\"elementor-element elementor-element-5436ae1 elementor-widget elementor-widget-text-editor\" data-id=\"5436ae1\" data-element_type=\"widget\" data-widget_type=\"text-editor.default\">\n\t\t\t\t\t\t\t\t\t<p>Si vous demandez une r\u00e9initialisation de votre mot de passe, votre adresse IP sera incluse dans l\u2019e-mail de r\u00e9initialisation.<\/p>\t\t\t\t\t\t\t\t<\/div>\n\t\t\t\t<div class=\"elementor-element elementor-element-908eb1e elementor-widget elementor-widget-heading\" data-id=\"908eb1e\" data-element_type=\"widget\" data-widget_type=\"heading.default\">\n\t\t\t\t\t<h6 class=\"elementor-heading-title elementor-size-default\">Dur\u00e9es de stockage de vos donn\u00e9es<\/h6>\t\t\t\t<\/div>\n\t\t\t\t<div class=\"elementor-element elementor-element-1c7332e elementor-widget elementor-widget-text-editor\" data-id=\"1c7332e\" data-element_type=\"widget\" data-widget_type=\"text-editor.default\">\n\t\t\t\t\t\t\t\t\t<p>Si vous laissez un commentaire, le commentaire et ses m\u00e9tadonn\u00e9es sont conserv\u00e9s ind\u00e9finiment. Cela permet de reconna\u00eetre et approuver automatiquement les commentaires suivants au lieu de les laisser dans la file de mod\u00e9ration.<\/p><p>Pour les comptes qui s\u2019inscrivent sur notre site (le cas \u00e9ch\u00e9ant), nous stockons \u00e9galement les donn\u00e9es personnelles indiqu\u00e9es dans leur profil. Tous les comptes peuvent voir, modifier ou supprimer leurs informations personnelles \u00e0 tout moment (\u00e0 l\u2019exception de leur identifiant). Les gestionnaires du site peuvent aussi voir et modifier ces informations.<\/p>\t\t\t\t\t\t\t\t<\/div>\n\t\t\t\t<div class=\"elementor-element elementor-element-aec08ae elementor-widget elementor-widget-heading\" data-id=\"aec08ae\" data-element_type=\"widget\" data-widget_type=\"heading.default\">\n\t\t\t\t\t<h6 class=\"elementor-heading-title elementor-size-default\">Les droits que vous avez sur vos donn\u00e9es<\/h6>\t\t\t\t<\/div>\n\t\t\t\t<div class=\"elementor-element elementor-element-a412144 elementor-widget elementor-widget-text-editor\" data-id=\"a412144\" data-element_type=\"widget\" data-widget_type=\"text-editor.default\">\n\t\t\t\t\t\t\t\t\t<p>Si vous avez un compte ou si vous avez laiss\u00e9 des commentaires sur le site, vous pouvez demander \u00e0 recevoir un fichier contenant toutes les donn\u00e9es personnelles que nous poss\u00e9dons \u00e0 votre sujet, incluant celles que vous nous avez fournies. Vous pouvez \u00e9galement demander la suppression des donn\u00e9es personnelles vous concernant. Cela ne prend pas en compte les donn\u00e9es stock\u00e9es \u00e0 des fins administratives, l\u00e9gales ou pour des raisons de s\u00e9curit\u00e9.<\/p>\t\t\t\t\t\t\t\t<\/div>\n\t\t\t\t<div class=\"elementor-element elementor-element-fa523b6 elementor-widget elementor-widget-heading\" data-id=\"fa523b6\" data-element_type=\"widget\" data-widget_type=\"heading.default\">\n\t\t\t\t\t<h6 class=\"elementor-heading-title elementor-size-default\">Transmission de vos donn\u00e9es personnelles<\/h6>\t\t\t\t<\/div>\n\t\t\t\t<div class=\"elementor-element elementor-element-c59159b elementor-widget elementor-widget-text-editor\" data-id=\"c59159b\" data-element_type=\"widget\" data-widget_type=\"text-editor.default\">\n\t\t\t\t\t\t\t\t\t<p>Les commentaires des visiteurs peuvent \u00eatre v\u00e9rifi\u00e9s \u00e0 l\u2019aide d\u2019un service automatis\u00e9 de d\u00e9tection des commentaires ind\u00e9sirables.<\/p>\t\t\t\t\t\t\t\t<\/div>\n\t\t\t\t<div class=\"elementor-element elementor-element-b4df6d2 elementor-widget elementor-widget-heading\" data-id=\"b4df6d2\" data-element_type=\"widget\" data-widget_type=\"heading.default\">\n\t\t\t\t\t<h6 class=\"elementor-heading-title elementor-size-default\">Informations de contact<\/h6>\t\t\t\t<\/div>\n\t\t\t\t<div class=\"elementor-element elementor-element-77902ea elementor-widget elementor-widget-text-editor\" data-id=\"77902ea\" data-element_type=\"widget\" data-widget_type=\"text-editor.default\">\n\t\t\t\t\t\t\t\t\t<p>Nous contacter par email : <span style=\"text-decoration: underline; color: #49b170;\"><a style=\"color: #49b170; text-decoration: underline;\" href=\"mailto:sage@sage-eng.fr\">sage@sage-eng.fr<\/a><\/span><\/p>\t\t\t\t\t\t\t\t<\/div>\n\t\t\t\t<\/div>\n\t\t\t\t\t<\/div>\n\t\t\t\t<\/div>\n\t\t\t\t\t<\/div>\n\t\t\t\t<\/div>\n\t\t\t\t<\/div>","protected":false},"excerpt":{"rendered":"<p>Politique de confidentialit\u00e9 &nbsp; Politique de confidentialit\u00e9 Qui sommes-nous ? L\u2019adresse de notre site est\u00a0: http:\/\/www.sage-engineering.fr. Ce site web vous est fourni par la soci\u00e9t\u00e9 SAGE ENGINEERING, soci\u00e9t\u00e9 par \u00e0 responsabilit\u00e9 limit\u00e9e au capital de 200\u00a0000\u20ac, dont le si\u00e8ge social est situ\u00e9 45 Quai Charles Pasqua \u2013 92300 Levallois-Perret, immatricul\u00e9e au registre du commerce et [&hellip;]<\/p>","protected":false},"author":1,"featured_media":0,"parent":0,"menu_order":0,"comment_status":"closed","ping_status":"closed","template":"elementor_header_footer","meta":{"inline_featured_image":false,"footnotes":""},"categories":[],"tags":[],"acf":[],"yoast_head":"<!-- This site is optimized with the Yoast SEO plugin v20.7 - https:\/\/yoast.com\/wordpress\/plugins\/seo\/ -->\n<title>Politique de confidentialit\u00e9 - sage-engineering<\/title>\n<meta name=\"robots\" content=\"index, follow, max-snippet:-1, max-image-preview:large, max-video-preview:-1\" \/>\n<link rel=\"canonical\" href=\"https:\/\/sage-engineering.fr\/en\/politique-de-confidentialite\/\" \/>\n<meta property=\"og:locale\" content=\"en_US\" \/>\n<meta property=\"og:type\" content=\"article\" \/>\n<meta property=\"og:title\" content=\"Politique de confidentialit\u00e9 - sage-engineering\" \/>\n<meta property=\"og:description\" content=\"Politique de confidentialit\u00e9 &nbsp; Politique de confidentialit\u00e9 Qui sommes-nous ? L\u2019adresse de notre site est\u00a0: http:\/\/www.sage-engineering.fr. Ce site web vous est fourni par la soci\u00e9t\u00e9 SAGE ENGINEERING, soci\u00e9t\u00e9 par \u00e0 responsabilit\u00e9 limit\u00e9e au capital de 200\u00a0000\u20ac, dont le si\u00e8ge social est situ\u00e9 45 Quai Charles Pasqua \u2013 92300 Levallois-Perret, immatricul\u00e9e au registre du commerce et [&hellip;]\" \/>\n<meta property=\"og:url\" content=\"https:\/\/sage-engineering.fr\/en\/politique-de-confidentialite\/\" \/>\n<meta property=\"og:site_name\" content=\"sage-engineering\" \/>\n<meta property=\"article:modified_time\" content=\"2023-09-01T16:52:19+00:00\" \/>\n<meta name=\"twitter:card\" content=\"summary_large_image\" \/>\n<meta name=\"twitter:label1\" content=\"Est. reading time\" \/>\n\t<meta name=\"twitter:data1\" content=\"6 minutes\" \/>\n<script type=\"application\/ld+json\" class=\"yoast-schema-graph\">{\"@context\":\"https:\/\/schema.org\",\"@graph\":[{\"@type\":\"WebPage\",\"@id\":\"https:\/\/sage-engineering.fr\/en\/politique-de-confidentialite\/\",\"url\":\"https:\/\/sage-engineering.fr\/en\/politique-de-confidentialite\/\",\"name\":\"Politique de confidentialit\u00e9 - sage-engineering\",\"isPartOf\":{\"@id\":\"https:\/\/sage-engineering.fr\/fr\/#website\"},\"datePublished\":\"2023-04-07T14:15:57+00:00\",\"dateModified\":\"2023-09-01T16:52:19+00:00\",\"inLanguage\":\"en-US\",\"potentialAction\":[{\"@type\":\"ReadAction\",\"target\":[\"https:\/\/sage-engineering.fr\/en\/politique-de-confidentialite\/\"]}]},{\"@type\":\"WebSite\",\"@id\":\"https:\/\/sage-engineering.fr\/fr\/#website\",\"url\":\"https:\/\/sage-engineering.fr\/fr\/\",\"name\":\"sage-engineering\",\"description\":\"\",\"publisher\":{\"@id\":\"https:\/\/sage-engineering.fr\/fr\/#organization\"},\"potentialAction\":[{\"@type\":\"SearchAction\",\"target\":{\"@type\":\"EntryPoint\",\"urlTemplate\":\"https:\/\/sage-engineering.fr\/fr\/?s={search_term_string}\"},\"query-input\":\"required name=search_term_string\"}],\"inLanguage\":\"en-US\"},{\"@type\":\"Organization\",\"@id\":\"https:\/\/sage-engineering.fr\/fr\/#organization\",\"name\":\"sage-engineering\",\"url\":\"https:\/\/sage-engineering.fr\/fr\/\",\"logo\":{\"@type\":\"ImageObject\",\"inLanguage\":\"en-US\",\"@id\":\"https:\/\/sage-engineering.fr\/fr\/#\/schema\/logo\/image\/\",\"url\":\"https:\/\/sage-engineering.fr\/wp-content\/uploads\/2023\/04\/logo-sage-engineering.svg\",\"contentUrl\":\"https:\/\/sage-engineering.fr\/wp-content\/uploads\/2023\/04\/logo-sage-engineering.svg\",\"width\":57,\"height\":97,\"caption\":\"sage-engineering\"},\"image\":{\"@id\":\"https:\/\/sage-engineering.fr\/fr\/#\/schema\/logo\/image\/\"}}]}<\/script>\n<!-- \/ Yoast SEO plugin. -->","yoast_head_json":{"title":"Politique de confidentialit\u00e9 - sage-engineering","robots":{"index":"index","follow":"follow","max-snippet":"max-snippet:-1","max-image-preview":"max-image-preview:large","max-video-preview":"max-video-preview:-1"},"canonical":"https:\/\/sage-engineering.fr\/en\/politique-de-confidentialite\/","og_locale":"en_US","og_type":"article","og_title":"Politique de confidentialit\u00e9 - sage-engineering","og_description":"Politique de confidentialit\u00e9 &nbsp; Politique de confidentialit\u00e9 Qui sommes-nous ? L\u2019adresse de notre site est\u00a0: http:\/\/www.sage-engineering.fr. Ce site web vous est fourni par la soci\u00e9t\u00e9 SAGE ENGINEERING, soci\u00e9t\u00e9 par \u00e0 responsabilit\u00e9 limit\u00e9e au capital de 200\u00a0000\u20ac, dont le si\u00e8ge social est situ\u00e9 45 Quai Charles Pasqua \u2013 92300 Levallois-Perret, immatricul\u00e9e au registre du commerce et [&hellip;]","og_url":"https:\/\/sage-engineering.fr\/en\/politique-de-confidentialite\/","og_site_name":"sage-engineering","article_modified_time":"2023-09-01T16:52:19+00:00","twitter_card":"summary_large_image","twitter_misc":{"Est. reading time":"6 minutes"},"schema":{"@context":"https:\/\/schema.org","@graph":[{"@type":"WebPage","@id":"https:\/\/sage-engineering.fr\/en\/politique-de-confidentialite\/","url":"https:\/\/sage-engineering.fr\/en\/politique-de-confidentialite\/","name":"Politique de confidentialit\u00e9 - sage-engineering","isPartOf":{"@id":"https:\/\/sage-engineering.fr\/fr\/#website"},"datePublished":"2023-04-07T14:15:57+00:00","dateModified":"2023-09-01T16:52:19+00:00","inLanguage":"en-US","potentialAction":[{"@type":"ReadAction","target":["https:\/\/sage-engineering.fr\/en\/politique-de-confidentialite\/"]}]},{"@type":"WebSite","@id":"https:\/\/sage-engineering.fr\/fr\/#website","url":"https:\/\/sage-engineering.fr\/fr\/","name":"sage-engineering","description":"","publisher":{"@id":"https:\/\/sage-engineering.fr\/fr\/#organization"},"potentialAction":[{"@type":"SearchAction","target":{"@type":"EntryPoint","urlTemplate":"https:\/\/sage-engineering.fr\/fr\/?s={search_term_string}"},"query-input":"required name=search_term_string"}],"inLanguage":"en-US"},{"@type":"Organization","@id":"https:\/\/sage-engineering.fr\/fr\/#organization","name":"sage-engineering","url":"https:\/\/sage-engineering.fr\/fr\/","logo":{"@type":"ImageObject","inLanguage":"en-US","@id":"https:\/\/sage-engineering.fr\/fr\/#\/schema\/logo\/image\/","url":"https:\/\/sage-engineering.fr\/wp-content\/uploads\/2023\/04\/logo-sage-engineering.svg","contentUrl":"https:\/\/sage-engineering.fr\/wp-content\/uploads\/2023\/04\/logo-sage-engineering.svg","width":57,"height":97,"caption":"sage-engineering"},"image":{"@id":"https:\/\/sage-engineering.fr\/fr\/#\/schema\/logo\/image\/"}}]}},"_links":{"self":[{"href":"https:\/\/sage-engineering.fr\/en\/wp-json\/wp\/v2\/pages\/217"}],"collection":[{"href":"https:\/\/sage-engineering.fr\/en\/wp-json\/wp\/v2\/pages"}],"about":[{"href":"https:\/\/sage-engineering.fr\/en\/wp-json\/wp\/v2\/types\/page"}],"author":[{"embeddable":true,"href":"https:\/\/sage-engineering.fr\/en\/wp-json\/wp\/v2\/users\/1"}],"replies":[{"embeddable":true,"href":"https:\/\/sage-engineering.fr\/en\/wp-json\/wp\/v2\/comments?post=217"}],"version-history":[{"count":40,"href":"https:\/\/sage-engineering.fr\/en\/wp-json\/wp\/v2\/pages\/217\/revisions"}],"predecessor-version":[{"id":2908,"href":"https:\/\/sage-engineering.fr\/en\/wp-json\/wp\/v2\/pages\/217\/revisions\/2908"}],"wp:attachment":[{"href":"https:\/\/sage-engineering.fr\/en\/wp-json\/wp\/v2\/media?parent=217"}],"wp:term":[{"taxonomy":"category","embeddable":true,"href":"https:\/\/sage-engineering.fr\/en\/wp-json\/wp\/v2\/categories?post=217"},{"taxonomy":"post_tag","embeddable":true,"href":"https:\/\/sage-engineering.fr\/en\/wp-json\/wp\/v2\/tags?post=217"}],"curies":[{"name":"wp","href":"https:\/\/api.w.org\/{rel}","templated":true}]}}