{"id":212,"date":"2023-04-07T14:14:19","date_gmt":"2023-04-07T14:14:19","guid":{"rendered":"http:\/\/localhost:10004\/?page_id=212"},"modified":"2024-04-22T15:12:58","modified_gmt":"2024-04-22T15:12:58","slug":"contactez-nous","status":"publish","type":"page","link":"https:\/\/sage-engineering.fr\/en\/contactez-nous\/","title":{"rendered":"Contactez-nous"},"content":{"rendered":"<div data-elementor-type=\"wp-page\" data-elementor-id=\"212\" class=\"elementor elementor-212\" data-elementor-post-type=\"page\">\n\t\t\t\t<div class=\"elementor-element elementor-element-226d89d0 e-flex e-con-boxed e-con e-parent\" data-id=\"226d89d0\" data-element_type=\"container\" data-settings=\"{&quot;background_background&quot;:&quot;slideshow&quot;,&quot;background_slideshow_gallery&quot;:[],&quot;background_slideshow_loop&quot;:&quot;yes&quot;,&quot;background_slideshow_slide_duration&quot;:5000,&quot;background_slideshow_slide_transition&quot;:&quot;fade&quot;,&quot;background_slideshow_transition_duration&quot;:500}\">\n\t\t\t\t\t<div class=\"e-con-inner\">\n\t\t<div class=\"elementor-element elementor-element-2eb18a93 e-flex e-con-boxed e-con e-parent\" data-id=\"2eb18a93\" data-element_type=\"container\" data-settings=\"{&quot;background_background&quot;:&quot;classic&quot;}\">\n\t\t\t\t\t<div class=\"e-con-inner\">\n\t\t<div class=\"elementor-element elementor-element-393a3999 e-flex e-con-boxed e-con e-parent\" data-id=\"393a3999\" data-element_type=\"container\">\n\t\t\t\t\t<div class=\"e-con-inner\">\n\t\t\t\t<div class=\"elementor-element elementor-element-14dca43c hero-title elementor-widget elementor-widget-heading\" data-id=\"14dca43c\" data-element_type=\"widget\" data-widget_type=\"heading.default\">\n\t\t\t\t\t<h1 class=\"elementor-heading-title elementor-size-default\">COntactez-nous<\/h1>\t\t\t\t<\/div>\n\t\t\t\t<div class=\"elementor-element elementor-element-20477556 elementor-widget elementor-widget-html\" data-id=\"20477556\" data-element_type=\"widget\" data-widget_type=\"html.default\">\n\t\t\t\t\t<div class=\"header-line\">&nbsp;<\/div>\t\t\t\t<\/div>\n\t\t\t\t\t<\/div>\n\t\t\t\t<\/div>\n\t\t\t\t\t<\/div>\n\t\t\t\t<\/div>\n\t\t\t\t\t<\/div>\n\t\t\t\t<\/div>\n\t\t<div class=\"elementor-element elementor-element-451dcef5 e-flex e-con-boxed e-con e-parent\" data-id=\"451dcef5\" data-element_type=\"container\">\n\t\t\t\t\t<div class=\"e-con-inner\">\n\t\t<div class=\"elementor-element elementor-element-49600661 e-flex e-con-boxed e-con e-parent\" data-id=\"49600661\" data-element_type=\"container\">\n\t\t\t\t\t<div class=\"e-con-inner\">\n\t\t<div class=\"elementor-element elementor-element-41b8e106 e-con-full e-flex e-con e-parent\" data-id=\"41b8e106\" data-element_type=\"container\">\n\t\t\t\t<div class=\"elementor-element elementor-element-ea06971 elementor-widget elementor-widget-heading\" data-id=\"ea06971\" data-element_type=\"widget\" data-widget_type=\"heading.default\">\n\t\t\t\t\t<h2 class=\"elementor-heading-title elementor-size-default\">contactez-nous<\/h2>\t\t\t\t<\/div>\n\t\t\t\t<div class=\"elementor-element elementor-element-635258f elementor-widget elementor-widget-text-editor\" data-id=\"635258f\" data-element_type=\"widget\" data-widget_type=\"text-editor.default\">\n\t\t\t\t\t\t\t\t\t<p>Vous pouvez nous contacter en utilisant le formulaire ci-dessous. Nous vous r\u00e9pondrons dans les meilleurs d\u00e9lais.<br \/>Vous pouvez \u00e9galement nous contacter directement par <strong><span style=\"color: #49b170;\">t\u00e9l\u00e9phone<\/span><\/strong> ou par <span style=\"color: #49b170;\"><strong>mail<\/strong><\/span>.<\/p>\t\t\t\t\t\t\t\t<\/div>\n\t\t\t\t<div class=\"elementor-element elementor-element-4cf4090 elementor-button-align-center elementor-widget elementor-widget-form\" data-id=\"4cf4090\" data-element_type=\"widget\" data-settings=\"{&quot;step_next_label&quot;:&quot;Suivant&quot;,&quot;step_previous_label&quot;:&quot;Pr\\u00e9c\\u00e9dent&quot;,&quot;step_type&quot;:&quot;number_text&quot;,&quot;step_icon_shape&quot;:&quot;circle&quot;}\" data-widget_type=\"form.default\">\n\t\t\t\t\t\t\t<form class=\"elementor-form\" method=\"post\" name=\"Nouveau formulaire\" aria-label=\"Nouveau formulaire\" action=\"\">\n\t\t\t<input type=\"hidden\" name=\"post_id\" value=\"212\"\/>\n\t\t\t<input type=\"hidden\" name=\"form_id\" value=\"4cf4090\"\/>\n\t\t\t<input type=\"hidden\" name=\"referer_title\" value=\"Contactez-nous - sage-engineering\" \/>\n\n\t\t\t\t\t\t\t<input type=\"hidden\" name=\"queried_id\" value=\"212\"\/>\n\t\t\t\n\t\t\t<div class=\"elementor-form-fields-wrapper elementor-labels-above\">\n\t\t\t\t\t\t\t\t<div class=\"elementor-field-type-text elementor-field-group elementor-column elementor-field-group-field_c14d2a8 elementor-col-100 elementor-field-required elementor-mark-required\">\n\t\t\t\t\t\t\t\t\t\t\t\t<label for=\"form-field-field_c14d2a8\" class=\"elementor-field-label\">\n\t\t\t\t\t\t\t\tPr\u00e9nom\t\t\t\t\t\t\t<\/label>\n\t\t\t\t\t\t\t\t\t\t\t\t\t\t<input size=\"1\" type=\"text\" name=\"form_fields[field_c14d2a8]\" id=\"form-field-field_c14d2a8\" class=\"elementor-field elementor-size-sm  elementor-field-textual\" required=\"required\">\n\t\t\t\t\t\t\t\t\t\t\t<\/div>\n\t\t\t\t\t\t\t\t<div class=\"elementor-field-type-text elementor-field-group elementor-column elementor-field-group-name elementor-col-100 elementor-field-required elementor-mark-required\">\n\t\t\t\t\t\t\t\t\t\t\t\t<label for=\"form-field-name\" class=\"elementor-field-label\">\n\t\t\t\t\t\t\t\tNom\t\t\t\t\t\t\t<\/label>\n\t\t\t\t\t\t\t\t\t\t\t\t\t\t<input size=\"1\" type=\"text\" name=\"form_fields[name]\" id=\"form-field-name\" class=\"elementor-field elementor-size-sm  elementor-field-textual\" required=\"required\">\n\t\t\t\t\t\t\t\t\t\t\t<\/div>\n\t\t\t\t\t\t\t\t<div class=\"elementor-field-type-text elementor-field-group elementor-column elementor-field-group-field_d6a8bd5 elementor-col-100\">\n\t\t\t\t\t\t\t\t\t\t\t\t<label for=\"form-field-field_d6a8bd5\" class=\"elementor-field-label\">\n\t\t\t\t\t\t\t\tSoci\u00e9t\u00e9\t\t\t\t\t\t\t<\/label>\n\t\t\t\t\t\t\t\t\t\t\t\t\t\t<input size=\"1\" type=\"text\" name=\"form_fields[field_d6a8bd5]\" id=\"form-field-field_d6a8bd5\" class=\"elementor-field elementor-size-sm  elementor-field-textual\">\n\t\t\t\t\t\t\t\t\t\t\t<\/div>\n\t\t\t\t\t\t\t\t<div class=\"elementor-field-type-text elementor-field-group elementor-column elementor-field-group-field_fb0d7dd elementor-col-100\">\n\t\t\t\t\t\t\t\t\t\t\t\t<label for=\"form-field-field_fb0d7dd\" class=\"elementor-field-label\">\n\t\t\t\t\t\t\t\tAdresse\t\t\t\t\t\t\t<\/label>\n\t\t\t\t\t\t\t\t\t\t\t\t\t\t<input size=\"1\" type=\"text\" name=\"form_fields[field_fb0d7dd]\" id=\"form-field-field_fb0d7dd\" class=\"elementor-field elementor-size-sm  elementor-field-textual\">\n\t\t\t\t\t\t\t\t\t\t\t<\/div>\n\t\t\t\t\t\t\t\t<div class=\"elementor-field-type-text elementor-field-group elementor-column elementor-field-group-field_3bb4802 elementor-col-100\">\n\t\t\t\t\t\t\t\t\t\t\t\t<label for=\"form-field-field_3bb4802\" class=\"elementor-field-label\">\n\t\t\t\t\t\t\t\tCode postal\t\t\t\t\t\t\t<\/label>\n\t\t\t\t\t\t\t\t\t\t\t\t\t\t<input size=\"1\" type=\"text\" name=\"form_fields[field_3bb4802]\" id=\"form-field-field_3bb4802\" class=\"elementor-field elementor-size-sm  elementor-field-textual\">\n\t\t\t\t\t\t\t\t\t\t\t<\/div>\n\t\t\t\t\t\t\t\t<div class=\"elementor-field-type-text elementor-field-group elementor-column elementor-field-group-field_2f4c53d elementor-col-100\">\n\t\t\t\t\t\t\t\t\t\t\t\t<label for=\"form-field-field_2f4c53d\" class=\"elementor-field-label\">\n\t\t\t\t\t\t\t\tVille\t\t\t\t\t\t\t<\/label>\n\t\t\t\t\t\t\t\t\t\t\t\t\t\t<input size=\"1\" type=\"text\" name=\"form_fields[field_2f4c53d]\" id=\"form-field-field_2f4c53d\" class=\"elementor-field elementor-size-sm  elementor-field-textual\">\n\t\t\t\t\t\t\t\t\t\t\t<\/div>\n\t\t\t\t\t\t\t\t<div class=\"elementor-field-type-email elementor-field-group elementor-column elementor-field-group-email elementor-col-100 elementor-field-required elementor-mark-required\">\n\t\t\t\t\t\t\t\t\t\t\t\t<label for=\"form-field-email\" class=\"elementor-field-label\">\n\t\t\t\t\t\t\t\tAdresse e-mail\t\t\t\t\t\t\t<\/label>\n\t\t\t\t\t\t\t\t\t\t\t\t\t\t<input size=\"1\" type=\"email\" name=\"form_fields[email]\" id=\"form-field-email\" class=\"elementor-field elementor-size-sm  elementor-field-textual\" required=\"required\">\n\t\t\t\t\t\t\t\t\t\t\t<\/div>\n\t\t\t\t\t\t\t\t<div class=\"elementor-field-type-tel elementor-field-group elementor-column elementor-field-group-field_7d33ead elementor-col-100\">\n\t\t\t\t\t\t\t\t\t\t\t\t<label for=\"form-field-field_7d33ead\" class=\"elementor-field-label\">\n\t\t\t\t\t\t\t\tT\u00e9l\u00e9phone\t\t\t\t\t\t\t<\/label>\n\t\t\t\t\t\t\t\t<input size=\"1\" type=\"tel\" name=\"form_fields[field_7d33ead]\" id=\"form-field-field_7d33ead\" class=\"elementor-field elementor-size-sm  elementor-field-textual\" pattern=\"[0-9()#&amp;+*-=.]+\" title=\"Only numbers and phone characters (#, -, *, etc) are accepted.\" data-no-translation-title=\"\">\n\n\t\t\t\t\t\t<\/div>\n\t\t\t\t\t\t\t\t<div class=\"elementor-field-type-textarea elementor-field-group elementor-column elementor-field-group-message elementor-col-100 elementor-field-required elementor-mark-required\">\n\t\t\t\t\t\t\t\t\t\t\t\t<label for=\"form-field-message\" class=\"elementor-field-label\">\n\t\t\t\t\t\t\t\tMessage\t\t\t\t\t\t\t<\/label>\n\t\t\t\t\t\t<textarea class=\"elementor-field-textual elementor-field  elementor-size-sm\" name=\"form_fields[message]\" id=\"form-field-message\" rows=\"4\" required=\"required\"><\/textarea>\t\t\t\t<\/div>\n\t\t\t\t\t\t\t\t<div class=\"elementor-field-type-acceptance elementor-field-group elementor-column elementor-field-group-field_ee62b99 elementor-col-100 elementor-field-required elementor-mark-required\">\n\t\t\t\t\t\t\t<div class=\"elementor-field-subgroup\">\n\t\t\t<span class=\"elementor-field-option\">\n\t\t\t\t<input type=\"checkbox\" name=\"form_fields[field_ee62b99]\" id=\"form-field-field_ee62b99\" class=\"elementor-field elementor-size-sm  elementor-acceptance-field\" required=\"required\">\n\t\t\t\t<label for=\"form-field-field_ee62b99\">J'accepte de recevoir les informations de la part de SAGE ENGINEERING. Vous autorisez Sage Engineering \u00e0 utiliser et traiter les informations personnelles que vous avez saisies pour permettre \u00e0 Sage Engineering de vous recontacter dans le cadre de la relation commerciale qui en d\u00e9coule. Pour en savoir plus sur nos engagements pour garantir l'int\u00e9grit\u00e9 et la s\u00e9curit\u00e9 des donn\u00e9es personnelles de nos clients et partenaires nous vous invitons \u00e0 consulter <a href=\"\/en\/politique-de-confidentialite\/\">notre politique de confidentialit\u00e9<\/a>.*<\/label>\t\t\t<\/span>\n\t\t<\/div>\n\t\t\t\t\t\t<\/div>\n\t\t\t\t\t\t\t\t<div class=\"elementor-field-group elementor-column elementor-field-type-submit elementor-col-100 e-form__buttons\">\n\t\t\t\t\t<button class=\"elementor-button elementor-size-xs\" type=\"submit\">\n\t\t\t\t\t\t<span class=\"elementor-button-content-wrapper\">\n\t\t\t\t\t\t\t\t\t\t\t\t\t\t\t\t\t\t\t\t\t\t<span class=\"elementor-button-text\">ENVOYER<\/span>\n\t\t\t\t\t\t\t\t\t\t\t\t\t<\/span>\n\t\t\t\t\t<\/button>\n\t\t\t\t<\/div>\n\t\t\t<\/div>\n\t\t<input type=\"hidden\" name=\"trp-form-language\" value=\"en\"\/><\/form>\n\t\t\t\t\t\t<\/div>\n\t\t\t\t<\/div>\n\t\t\t\t\t<\/div>\n\t\t\t\t<\/div>\n\t\t\t\t\t<\/div>\n\t\t\t\t<\/div>\n\t\t\t\t<\/div>","protected":false},"excerpt":{"rendered":"<p>COntactez-nous &nbsp; contactez-nous Vous pouvez nous contacter en utilisant le formulaire ci-dessous. Nous vous r\u00e9pondrons dans les meilleurs d\u00e9lais.Vous pouvez \u00e9galement nous contacter directement par t\u00e9l\u00e9phone ou par mail.<\/p>","protected":false},"author":1,"featured_media":0,"parent":0,"menu_order":0,"comment_status":"closed","ping_status":"closed","template":"elementor_header_footer","meta":{"inline_featured_image":false,"footnotes":""},"categories":[],"tags":[],"acf":[],"yoast_head":"<!-- This site is optimized with the Yoast SEO plugin v20.7 - https:\/\/yoast.com\/wordpress\/plugins\/seo\/ -->\n<title>Contactez-nous - sage-engineering<\/title>\n<meta name=\"description\" content=\"Vous pouvez nous contacter en utilisant le formulaire ci-dessous. Nous vous r\u00e9pondrons dans les meilleurs d\u00e9lais.\" \/>\n<meta name=\"robots\" content=\"index, follow, max-snippet:-1, max-image-preview:large, max-video-preview:-1\" \/>\n<link rel=\"canonical\" href=\"https:\/\/sage-engineering.fr\/en\/contactez-nous\/\" \/>\n<meta property=\"og:locale\" content=\"en_US\" \/>\n<meta property=\"og:type\" content=\"article\" \/>\n<meta property=\"og:title\" content=\"Contactez-nous - sage-engineering\" \/>\n<meta property=\"og:description\" content=\"Vous pouvez nous contacter en utilisant le formulaire ci-dessous. Nous vous r\u00e9pondrons dans les meilleurs d\u00e9lais.\" \/>\n<meta property=\"og:url\" content=\"https:\/\/sage-engineering.fr\/en\/contactez-nous\/\" \/>\n<meta property=\"og:site_name\" content=\"sage-engineering\" \/>\n<meta property=\"article:modified_time\" content=\"2024-04-22T15:12:58+00:00\" \/>\n<meta name=\"twitter:card\" content=\"summary_large_image\" \/>\n<meta name=\"twitter:label1\" content=\"Est. reading time\" \/>\n\t<meta name=\"twitter:data1\" content=\"1 minute\" \/>\n<script type=\"application\/ld+json\" class=\"yoast-schema-graph\">{\"@context\":\"https:\/\/schema.org\",\"@graph\":[{\"@type\":\"WebPage\",\"@id\":\"https:\/\/sage-engineering.fr\/en\/contactez-nous\/\",\"url\":\"https:\/\/sage-engineering.fr\/en\/contactez-nous\/\",\"name\":\"Contactez-nous - sage-engineering\",\"isPartOf\":{\"@id\":\"https:\/\/sage-engineering.fr\/fr\/#website\"},\"datePublished\":\"2023-04-07T14:14:19+00:00\",\"dateModified\":\"2024-04-22T15:12:58+00:00\",\"description\":\"Vous pouvez nous contacter en utilisant le formulaire ci-dessous. Nous vous r\u00e9pondrons dans les meilleurs d\u00e9lais.\",\"inLanguage\":\"en-US\",\"potentialAction\":[{\"@type\":\"ReadAction\",\"target\":[\"https:\/\/sage-engineering.fr\/en\/contactez-nous\/\"]}]},{\"@type\":\"WebSite\",\"@id\":\"https:\/\/sage-engineering.fr\/fr\/#website\",\"url\":\"https:\/\/sage-engineering.fr\/fr\/\",\"name\":\"sage-engineering\",\"description\":\"\",\"publisher\":{\"@id\":\"https:\/\/sage-engineering.fr\/fr\/#organization\"},\"potentialAction\":[{\"@type\":\"SearchAction\",\"target\":{\"@type\":\"EntryPoint\",\"urlTemplate\":\"https:\/\/sage-engineering.fr\/fr\/?s={search_term_string}\"},\"query-input\":\"required name=search_term_string\"}],\"inLanguage\":\"en-US\"},{\"@type\":\"Organization\",\"@id\":\"https:\/\/sage-engineering.fr\/fr\/#organization\",\"name\":\"sage-engineering\",\"url\":\"https:\/\/sage-engineering.fr\/fr\/\",\"logo\":{\"@type\":\"ImageObject\",\"inLanguage\":\"en-US\",\"@id\":\"https:\/\/sage-engineering.fr\/fr\/#\/schema\/logo\/image\/\",\"url\":\"https:\/\/sage-engineering.fr\/wp-content\/uploads\/2023\/04\/logo-sage-engineering.svg\",\"contentUrl\":\"https:\/\/sage-engineering.fr\/wp-content\/uploads\/2023\/04\/logo-sage-engineering.svg\",\"width\":57,\"height\":97,\"caption\":\"sage-engineering\"},\"image\":{\"@id\":\"https:\/\/sage-engineering.fr\/fr\/#\/schema\/logo\/image\/\"}}]}<\/script>\n<!-- \/ Yoast SEO plugin. -->","yoast_head_json":{"title":"Contactez-nous - sage-engineering","description":"Vous pouvez nous contacter en utilisant le formulaire ci-dessous. Nous vous r\u00e9pondrons dans les meilleurs d\u00e9lais.","robots":{"index":"index","follow":"follow","max-snippet":"max-snippet:-1","max-image-preview":"max-image-preview:large","max-video-preview":"max-video-preview:-1"},"canonical":"https:\/\/sage-engineering.fr\/en\/contactez-nous\/","og_locale":"en_US","og_type":"article","og_title":"Contactez-nous - sage-engineering","og_description":"Vous pouvez nous contacter en utilisant le formulaire ci-dessous. Nous vous r\u00e9pondrons dans les meilleurs d\u00e9lais.","og_url":"https:\/\/sage-engineering.fr\/en\/contactez-nous\/","og_site_name":"sage-engineering","article_modified_time":"2024-04-22T15:12:58+00:00","twitter_card":"summary_large_image","twitter_misc":{"Est. reading time":"1 minute"},"schema":{"@context":"https:\/\/schema.org","@graph":[{"@type":"WebPage","@id":"https:\/\/sage-engineering.fr\/en\/contactez-nous\/","url":"https:\/\/sage-engineering.fr\/en\/contactez-nous\/","name":"Contactez-nous - sage-engineering","isPartOf":{"@id":"https:\/\/sage-engineering.fr\/fr\/#website"},"datePublished":"2023-04-07T14:14:19+00:00","dateModified":"2024-04-22T15:12:58+00:00","description":"Vous pouvez nous contacter en utilisant le formulaire ci-dessous. Nous vous r\u00e9pondrons dans les meilleurs d\u00e9lais.","inLanguage":"en-US","potentialAction":[{"@type":"ReadAction","target":["https:\/\/sage-engineering.fr\/en\/contactez-nous\/"]}]},{"@type":"WebSite","@id":"https:\/\/sage-engineering.fr\/fr\/#website","url":"https:\/\/sage-engineering.fr\/fr\/","name":"sage-engineering","description":"","publisher":{"@id":"https:\/\/sage-engineering.fr\/fr\/#organization"},"potentialAction":[{"@type":"SearchAction","target":{"@type":"EntryPoint","urlTemplate":"https:\/\/sage-engineering.fr\/fr\/?s={search_term_string}"},"query-input":"required name=search_term_string"}],"inLanguage":"en-US"},{"@type":"Organization","@id":"https:\/\/sage-engineering.fr\/fr\/#organization","name":"sage-engineering","url":"https:\/\/sage-engineering.fr\/fr\/","logo":{"@type":"ImageObject","inLanguage":"en-US","@id":"https:\/\/sage-engineering.fr\/fr\/#\/schema\/logo\/image\/","url":"https:\/\/sage-engineering.fr\/wp-content\/uploads\/2023\/04\/logo-sage-engineering.svg","contentUrl":"https:\/\/sage-engineering.fr\/wp-content\/uploads\/2023\/04\/logo-sage-engineering.svg","width":57,"height":97,"caption":"sage-engineering"},"image":{"@id":"https:\/\/sage-engineering.fr\/fr\/#\/schema\/logo\/image\/"}}]}},"_links":{"self":[{"href":"https:\/\/sage-engineering.fr\/en\/wp-json\/wp\/v2\/pages\/212"}],"collection":[{"href":"https:\/\/sage-engineering.fr\/en\/wp-json\/wp\/v2\/pages"}],"about":[{"href":"https:\/\/sage-engineering.fr\/en\/wp-json\/wp\/v2\/types\/page"}],"author":[{"embeddable":true,"href":"https:\/\/sage-engineering.fr\/en\/wp-json\/wp\/v2\/users\/1"}],"replies":[{"embeddable":true,"href":"https:\/\/sage-engineering.fr\/en\/wp-json\/wp\/v2\/comments?post=212"}],"version-history":[{"count":74,"href":"https:\/\/sage-engineering.fr\/en\/wp-json\/wp\/v2\/pages\/212\/revisions"}],"predecessor-version":[{"id":2950,"href":"https:\/\/sage-engineering.fr\/en\/wp-json\/wp\/v2\/pages\/212\/revisions\/2950"}],"wp:attachment":[{"href":"https:\/\/sage-engineering.fr\/en\/wp-json\/wp\/v2\/media?parent=212"}],"wp:term":[{"taxonomy":"category","embeddable":true,"href":"https:\/\/sage-engineering.fr\/en\/wp-json\/wp\/v2\/categories?post=212"},{"taxonomy":"post_tag","embeddable":true,"href":"https:\/\/sage-engineering.fr\/en\/wp-json\/wp\/v2\/tags?post=212"}],"curies":[{"name":"wp","href":"https:\/\/api.w.org\/{rel}","templated":true}]}}